{"id":2615,"date":"2025-12-05T17:44:08","date_gmt":"2025-12-05T17:44:08","guid":{"rendered":"https:\/\/zizouit.com\/?post_type=product&#038;p=2615"},"modified":"2025-12-05T17:49:31","modified_gmt":"2025-12-05T17:49:31","slug":"amlou-aux-graines-de-courge","status":"publish","type":"product","link":"https:\/\/zizouit.com\/fr_fr\/product\/amlou-aux-graines-de-courge\/","title":{"rendered":"Amlou aux graines de courge"},"content":{"rendered":"<h6>\ud83d\ude9a <strong data-start=\"1590\" data-end=\"1620\">Livraison partout au Maroc<\/strong> :<\/h6>\n<p data-start=\"419\" data-end=\"486\">\u2705 Livraison rapide \u00e0 domicile : Casablanca, Rabat, Marrakech, Tanger, F\u00e8s, Agadir\u2026<br data-start=\"1707\" data-end=\"1710\" \/>\ud83d\udcb5 Paiement \u00e0 la livraison \u2013 S\u00e9curis\u00e9 et pratique<br data-start=\"1759\" data-end=\"1762\" \/>\u2b50 Des centaines de clients satisfaits dans tout le royaume<br data-start=\"1820\" data-end=\"1823\" \/>\u23f3 Quantit\u00e9 limit\u00e9e \u2013 Commandez maintenant avant rupture de stock !<\/p>\n<p data-start=\"1895\" data-end=\"2018\">\ud83d\udc49 <strong data-start=\"1898\" data-end=\"2018\">Commandez votre Amlou original 100% naturel maintenant chez ZIZOUIT et profitez de ses bienfaits incomparables !<\/strong><\/p>\n<p>&nbsp;<\/p>\n","protected":false},"excerpt":{"rendered":"<h5>Amlou aux graines de courge \u2013 100% Naturel \u2013 Produit par la Coop\u00e9rative ZIZOUIT<\/h5>\n<p data-start=\"58\" data-end=\"312\">L\u2019amlou Zizouit est une recette innovante qui m\u00e9lange des graines de courge riches en nutriments, du miel pur et de l\u2019huile d\u2019olive vierge. Un m\u00e9lange naturel de haute qualit\u00e9, au go\u00fbt d\u00e9licieux et \u00e0 la texture cr\u00e9meuse, id\u00e9al pour un mode de vie sain et \u00e9quilibr\u00e9.<\/p>\n<p data-start=\"699\" data-end=\"728\"><strong>\ud83e\uddea Ingr\u00e9dients naturels :<\/strong><br data-start=\"1268\" data-end=\"1271\" \/>\u2714 Graines de courge grill\u00e9es et moulues avec soin<br data-start=\"740\" data-end=\"743\" \/>\u2714 Miel pur<br data-start=\"749\" data-end=\"752\" \/>\u2714 Huile d\u2019olive vierge extra<\/p>\n<p>\ud83d\udc9a <strong data-start=\"510\" data-end=\"558\">Des bienfaits exceptionnels pour votre sant\u00e9<\/strong><strong data-start=\"723\" data-end=\"768\">\u00a0:<\/strong><br data-start=\"768\" data-end=\"771\" \/>\u2714 Riche en zinc et magn\u00e9sium pour soutenir l\u2019immunit\u00e9 et l\u2019\u00e9nergie<br data-start=\"632\" data-end=\"635\" \/>\u2714 Contribue \u00e0 am\u00e9liorer la sant\u00e9 de la prostate chez les hommes<br data-start=\"698\" data-end=\"701\" \/>\u2714 Combat les inflammations gr\u00e2ce aux antioxydants<br data-start=\"750\" data-end=\"753\" \/>\u2714 Aide \u00e0 am\u00e9liorer la qualit\u00e9 du sommeil<br data-start=\"793\" data-end=\"796\" \/>\u2714 Aide \u00e0 r\u00e9guler la glyc\u00e9mie<br data-start=\"824\" data-end=\"827\" \/>\u2714 Favorise la sant\u00e9 du c\u0153ur gr\u00e2ce aux bonnes graisses<br data-start=\"880\" data-end=\"883\" \/>\u2714 Donne de l\u2019\u00e9nergie et procure une sensation de sati\u00e9t\u00e9<br data-start=\"939\" data-end=\"942\" \/>\u2714 Id\u00e9al pour les sportifs et les adeptes d\u2019une alimentation saine<\/p>\n<p data-start=\"1362\" data-end=\"1392\"><img decoding=\"async\" class=\"emoji\" role=\"img\" draggable=\"false\" src=\"https:\/\/s.w.org\/images\/core\/emoji\/15.1.0\/svg\/1f944.svg\" alt=\"\ud83e\udd44\" \/>\u00a0<strong data-start=\"1240\" data-end=\"1268\">Conseils d\u2019utilisation :<\/strong><br data-start=\"1268\" data-end=\"1271\" \/>\u2022 \u00c0 d\u00e9guster \u00e0 la cuill\u00e8re directement<br data-start=\"1431\" data-end=\"1434\" \/>\u2022 \u00c0 tartiner sur du pain, baghrir, ou mssemen<br data-start=\"1487\" data-end=\"1490\" \/>\u2022 \u00c0 ajouter au yaourt ou aux flocons d\u2019avoine pour un petit-d\u00e9jeuner \u00e9quilibr\u00e9<\/p>\n<p><strong>\u2705Pourquoi choisir l\u2019Amlou de ZIZOUIT ?<\/strong><br data-start=\"1163\" data-end=\"1166\" \/>\ud83d\udd38 Produit 100% naturel et fabriqu\u00e9 au Maroc<br data-start=\"1436\" data-end=\"1439\" \/>\ud83d\udd38 Certifi\u00e9 et autoris\u00e9 par l\u2019ONSSA<br data-start=\"1474\" data-end=\"1477\" \/>\ud83d\udd38 Riche en nutriments, Texture onctueuse et go\u00fbt raffin\u00e9<br data-start=\"1883\" data-end=\"1886\" \/>\ud83d\udd38 Convient aux adultes, enfants, sportifs et amateurs de nourriture saine<\/p>\n<p data-start=\"658\" data-end=\"685\"><strong data-start=\"662\" data-end=\"683\">Formats et prix :<\/strong><\/p>\n<ul>\n<li data-start=\"658\" data-end=\"685\"><img decoding=\"async\" class=\"emoji\" role=\"img\" draggable=\"false\" src=\"https:\/\/s.w.org\/images\/core\/emoji\/15.1.0\/svg\/1f7e4.svg\" alt=\"\ud83d\udfe4\" \/> 500g : 90 DH<\/li>\n<\/ul>\n<p>\ud83d\udce6 R\u00e9ductions disponibles pour les commandes en gros \u2013 Contactez-nous d\u00e8s maintenant !<\/p>\n","protected":false},"featured_media":2617,"comment_status":"open","ping_status":"closed","template":"","meta":{"site-sidebar-layout":"default","site-content-layout":"","ast-site-content-layout":"default","site-content-style":"default","site-sidebar-style":"default","ast-global-header-display":"","ast-banner-title-visibility":"","ast-main-header-display":"","ast-hfb-above-header-display":"","ast-hfb-below-header-display":"","ast-hfb-mobile-header-display":"","site-post-title":"","ast-breadcrumbs-content":"","ast-featured-img":"","footer-sml-layout":"","ast-disable-related-posts":"","theme-transparent-header-meta":"default","adv-header-id-meta":"","stick-header-meta":"","header-above-stick-meta":"","header-main-stick-meta":"","header-below-stick-meta":"","astra-migrate-meta-layouts":"set","ast-page-background-enabled":"default","ast-page-background-meta":{"desktop":{"background-color":"","background-image":"","background-repeat":"repeat","background-position":"center center","background-size":"auto","background-attachment":"scroll","background-type":"","background-media":"","overlay-type":"","overlay-color":"","overlay-opacity":"","overlay-gradient":""},"tablet":{"background-color":"","background-image":"","background-repeat":"repeat","background-position":"center center","background-size":"auto","background-attachment":"scroll","background-type":"","background-media":"","overlay-type":"","overlay-color":"","overlay-opacity":"","overlay-gradient":""},"mobile":{"background-color":"","background-image":"","background-repeat":"repeat","background-position":"center center","background-size":"auto","background-attachment":"scroll","background-type":"","background-media":"","overlay-type":"","overlay-color":"","overlay-opacity":"","overlay-gradient":""}},"ast-content-background-meta":{"desktop":{"background-color":"var(--ast-global-color-5)","background-image":"","background-repeat":"repeat","background-position":"center center","background-size":"auto","background-attachment":"scroll","background-type":"","background-media":"","overlay-type":"","overlay-color":"","overlay-opacity":"","overlay-gradient":""},"tablet":{"background-color":"var(--ast-global-color-5)","background-image":"","background-repeat":"repeat","background-position":"center center","background-size":"auto","background-attachment":"scroll","background-type":"","background-media":"","overlay-type":"","overlay-color":"","overlay-opacity":"","overlay-gradient":""},"mobile":{"background-color":"var(--ast-global-color-5)","background-image":"","background-repeat":"repeat","background-position":"center center","background-size":"auto","background-attachment":"scroll","background-type":"","background-media":"","overlay-type":"","overlay-color":"","overlay-opacity":"","overlay-gradient":""}}},"product_brand":[],"product_cat":[62],"product_tag":[],"class_list":{"0":"post-2615","1":"product","2":"type-product","3":"status-publish","4":"has-post-thumbnail","6":"product_cat-amlou","7":"desktop-align-left","8":"tablet-align-left","9":"mobile-align-left","11":"first","12":"instock","13":"shipping-taxable","14":"purchasable","15":"product-type-variable"},"yoast_head":"<!-- This site is optimized with the Yoast SEO plugin v27.1.1 - https:\/\/yoast.com\/product\/yoast-seo-wordpress\/ -->\n<title>Amlou aux graines de courge -<\/title>\n<meta name=\"robots\" content=\"index, follow, max-snippet:-1, max-image-preview:large, max-video-preview:-1\" \/>\n<link rel=\"canonical\" href=\"https:\/\/zizouit.com\/fr_fr\/product\/amlou-aux-graines-de-courge\/\" \/>\n<meta property=\"og:locale\" content=\"fr_FR\" \/>\n<meta property=\"og:type\" content=\"article\" \/>\n<meta property=\"og:title\" content=\"Amlou aux graines de courge -\" \/>\n<meta property=\"og:description\" content=\"Amlou aux graines de courge \u2013 100% Naturel \u2013 Produit par la Coop\u00e9rative ZIZOUIT L\u2019amlou Zizouit est une recette innovante qui m\u00e9lange des graines de courge riches en nutriments, du miel pur et de l\u2019huile d\u2019olive vierge. Un m\u00e9lange naturel de haute qualit\u00e9, au go\u00fbt d\u00e9licieux et \u00e0 la texture cr\u00e9meuse, id\u00e9al pour un mode de vie sain et \u00e9quilibr\u00e9. \ud83e\uddea Ingr\u00e9dients naturels :\u2714 Graines de courge grill\u00e9es et moulues avec soin\u2714 Miel pur\u2714 Huile d\u2019olive vierge extra \ud83d\udc9a Des bienfaits exceptionnels pour votre sant\u00e9\u00a0:\u2714 Riche en zinc et magn\u00e9sium pour soutenir l\u2019immunit\u00e9 et l\u2019\u00e9nergie\u2714 Contribue \u00e0 am\u00e9liorer la sant\u00e9 de la prostate chez les hommes\u2714 Combat les inflammations gr\u00e2ce aux antioxydants\u2714 Aide \u00e0 am\u00e9liorer la qualit\u00e9 du sommeil\u2714 Aide \u00e0 r\u00e9guler la glyc\u00e9mie\u2714 Favorise la sant\u00e9 du c\u0153ur gr\u00e2ce aux bonnes graisses\u2714 Donne de l\u2019\u00e9nergie et procure une sensation de sati\u00e9t\u00e9\u2714 Id\u00e9al pour les sportifs et les adeptes d\u2019une alimentation saine \u00a0Conseils d\u2019utilisation :\u2022 \u00c0 d\u00e9guster \u00e0 la cuill\u00e8re directement\u2022 \u00c0 tartiner sur du pain, baghrir, ou mssemen\u2022 \u00c0 ajouter au yaourt ou aux flocons d\u2019avoine pour un petit-d\u00e9jeuner \u00e9quilibr\u00e9 \u2705Pourquoi choisir l\u2019Amlou de ZIZOUIT ?\ud83d\udd38 Produit 100% naturel et fabriqu\u00e9 au Maroc\ud83d\udd38 Certifi\u00e9 et autoris\u00e9 par l\u2019ONSSA\ud83d\udd38 Riche en nutriments, Texture onctueuse et go\u00fbt raffin\u00e9\ud83d\udd38 Convient aux adultes, enfants, sportifs et amateurs de nourriture saine Formats et prix :     500g : 90 DH  \ud83d\udce6 R\u00e9ductions disponibles pour les commandes en gros \u2013 Contactez-nous d\u00e8s maintenant !\" \/>\n<meta property=\"og:url\" content=\"https:\/\/zizouit.com\/fr_fr\/product\/amlou-aux-graines-de-courge\/\" \/>\n<meta property=\"article:modified_time\" content=\"2025-12-05T17:49:31+00:00\" \/>\n<meta property=\"og:image\" content=\"https:\/\/zizouit.com\/wp-content\/uploads\/2025\/12\/WhatsApp-Image-2025-12-04-at-6.08.14-PM.jpeg\" \/>\n\t<meta property=\"og:image:width\" content=\"872\" \/>\n\t<meta property=\"og:image:height\" content=\"1280\" \/>\n\t<meta property=\"og:image:type\" content=\"image\/jpeg\" \/>\n<meta name=\"twitter:card\" content=\"summary_large_image\" \/>\n<meta name=\"twitter:label1\" content=\"Dur\u00e9e de lecture estim\u00e9e\" \/>\n\t<meta name=\"twitter:data1\" content=\"1 minute\" \/>\n<script type=\"application\/ld+json\" class=\"yoast-schema-graph\">{\"@context\":\"https:\/\/schema.org\",\"@graph\":[{\"@type\":\"WebPage\",\"@id\":\"https:\/\/zizouit.com\/product\/amlou-aux-graines-de-courge\/\",\"url\":\"https:\/\/zizouit.com\/product\/amlou-aux-graines-de-courge\/\",\"name\":\"Amlou aux graines de courge -\",\"isPartOf\":{\"@id\":\"https:\/\/zizouit.com\/#website\"},\"primaryImageOfPage\":{\"@id\":\"https:\/\/zizouit.com\/product\/amlou-aux-graines-de-courge\/#primaryimage\"},\"image\":{\"@id\":\"https:\/\/zizouit.com\/product\/amlou-aux-graines-de-courge\/#primaryimage\"},\"thumbnailUrl\":\"https:\/\/zizouit.com\/wp-content\/uploads\/2025\/12\/WhatsApp-Image-2025-12-04-at-6.08.14-PM.jpeg\",\"datePublished\":\"2025-12-05T17:44:08+00:00\",\"dateModified\":\"2025-12-05T17:49:31+00:00\",\"breadcrumb\":{\"@id\":\"https:\/\/zizouit.com\/product\/amlou-aux-graines-de-courge\/#breadcrumb\"},\"inLanguage\":\"fr-FR\",\"potentialAction\":[{\"@type\":\"ReadAction\",\"target\":[\"https:\/\/zizouit.com\/product\/amlou-aux-graines-de-courge\/\"]}]},{\"@type\":\"ImageObject\",\"inLanguage\":\"fr-FR\",\"@id\":\"https:\/\/zizouit.com\/product\/amlou-aux-graines-de-courge\/#primaryimage\",\"url\":\"https:\/\/zizouit.com\/wp-content\/uploads\/2025\/12\/WhatsApp-Image-2025-12-04-at-6.08.14-PM.jpeg\",\"contentUrl\":\"https:\/\/zizouit.com\/wp-content\/uploads\/2025\/12\/WhatsApp-Image-2025-12-04-at-6.08.14-PM.jpeg\",\"width\":872,\"height\":1280},{\"@type\":\"BreadcrumbList\",\"@id\":\"https:\/\/zizouit.com\/product\/amlou-aux-graines-de-courge\/#breadcrumb\",\"itemListElement\":[{\"@type\":\"ListItem\",\"position\":1,\"name\":\"Accueil\",\"item\":\"https:\/\/zizouit.com\/fr_fr\/\"},{\"@type\":\"ListItem\",\"position\":2,\"name\":\"Shop\",\"item\":\"https:\/\/zizouit.com\/shop\/\"},{\"@type\":\"ListItem\",\"position\":3,\"name\":\"Amlou aux graines de courge\"}]},{\"@type\":\"WebSite\",\"@id\":\"https:\/\/zizouit.com\/#website\",\"url\":\"https:\/\/zizouit.com\/\",\"name\":\"\",\"description\":\"Zizouit\",\"potentialAction\":[{\"@type\":\"SearchAction\",\"target\":{\"@type\":\"EntryPoint\",\"urlTemplate\":\"https:\/\/zizouit.com\/?s={search_term_string}\"},\"query-input\":{\"@type\":\"PropertyValueSpecification\",\"valueRequired\":true,\"valueName\":\"search_term_string\"}}],\"inLanguage\":\"fr-FR\"}]}<\/script>\n<!-- \/ Yoast SEO plugin. -->","yoast_head_json":{"title":"Amlou aux graines de courge -","robots":{"index":"index","follow":"follow","max-snippet":"max-snippet:-1","max-image-preview":"max-image-preview:large","max-video-preview":"max-video-preview:-1"},"canonical":"https:\/\/zizouit.com\/fr_fr\/product\/amlou-aux-graines-de-courge\/","og_locale":"fr_FR","og_type":"article","og_title":"Amlou aux graines de courge -","og_description":"Amlou aux graines de courge \u2013 100% Naturel \u2013 Produit par la Coop\u00e9rative ZIZOUIT L\u2019amlou Zizouit est une recette innovante qui m\u00e9lange des graines de courge riches en nutriments, du miel pur et de l\u2019huile d\u2019olive vierge. Un m\u00e9lange naturel de haute qualit\u00e9, au go\u00fbt d\u00e9licieux et \u00e0 la texture cr\u00e9meuse, id\u00e9al pour un mode de vie sain et \u00e9quilibr\u00e9. \ud83e\uddea Ingr\u00e9dients naturels :\u2714 Graines de courge grill\u00e9es et moulues avec soin\u2714 Miel pur\u2714 Huile d\u2019olive vierge extra \ud83d\udc9a Des bienfaits exceptionnels pour votre sant\u00e9\u00a0:\u2714 Riche en zinc et magn\u00e9sium pour soutenir l\u2019immunit\u00e9 et l\u2019\u00e9nergie\u2714 Contribue \u00e0 am\u00e9liorer la sant\u00e9 de la prostate chez les hommes\u2714 Combat les inflammations gr\u00e2ce aux antioxydants\u2714 Aide \u00e0 am\u00e9liorer la qualit\u00e9 du sommeil\u2714 Aide \u00e0 r\u00e9guler la glyc\u00e9mie\u2714 Favorise la sant\u00e9 du c\u0153ur gr\u00e2ce aux bonnes graisses\u2714 Donne de l\u2019\u00e9nergie et procure une sensation de sati\u00e9t\u00e9\u2714 Id\u00e9al pour les sportifs et les adeptes d\u2019une alimentation saine \u00a0Conseils d\u2019utilisation :\u2022 \u00c0 d\u00e9guster \u00e0 la cuill\u00e8re directement\u2022 \u00c0 tartiner sur du pain, baghrir, ou mssemen\u2022 \u00c0 ajouter au yaourt ou aux flocons d\u2019avoine pour un petit-d\u00e9jeuner \u00e9quilibr\u00e9 \u2705Pourquoi choisir l\u2019Amlou de ZIZOUIT ?\ud83d\udd38 Produit 100% naturel et fabriqu\u00e9 au Maroc\ud83d\udd38 Certifi\u00e9 et autoris\u00e9 par l\u2019ONSSA\ud83d\udd38 Riche en nutriments, Texture onctueuse et go\u00fbt raffin\u00e9\ud83d\udd38 Convient aux adultes, enfants, sportifs et amateurs de nourriture saine Formats et prix :     500g : 90 DH  \ud83d\udce6 R\u00e9ductions disponibles pour les commandes en gros \u2013 Contactez-nous d\u00e8s maintenant !","og_url":"https:\/\/zizouit.com\/fr_fr\/product\/amlou-aux-graines-de-courge\/","article_modified_time":"2025-12-05T17:49:31+00:00","og_image":[{"width":872,"height":1280,"url":"https:\/\/zizouit.com\/wp-content\/uploads\/2025\/12\/WhatsApp-Image-2025-12-04-at-6.08.14-PM.jpeg","type":"image\/jpeg"}],"twitter_card":"summary_large_image","twitter_misc":{"Dur\u00e9e de lecture estim\u00e9e":"1 minute"},"schema":{"@context":"https:\/\/schema.org","@graph":[{"@type":"WebPage","@id":"https:\/\/zizouit.com\/product\/amlou-aux-graines-de-courge\/","url":"https:\/\/zizouit.com\/product\/amlou-aux-graines-de-courge\/","name":"Amlou aux graines de courge -","isPartOf":{"@id":"https:\/\/zizouit.com\/#website"},"primaryImageOfPage":{"@id":"https:\/\/zizouit.com\/product\/amlou-aux-graines-de-courge\/#primaryimage"},"image":{"@id":"https:\/\/zizouit.com\/product\/amlou-aux-graines-de-courge\/#primaryimage"},"thumbnailUrl":"https:\/\/zizouit.com\/wp-content\/uploads\/2025\/12\/WhatsApp-Image-2025-12-04-at-6.08.14-PM.jpeg","datePublished":"2025-12-05T17:44:08+00:00","dateModified":"2025-12-05T17:49:31+00:00","breadcrumb":{"@id":"https:\/\/zizouit.com\/product\/amlou-aux-graines-de-courge\/#breadcrumb"},"inLanguage":"fr-FR","potentialAction":[{"@type":"ReadAction","target":["https:\/\/zizouit.com\/product\/amlou-aux-graines-de-courge\/"]}]},{"@type":"ImageObject","inLanguage":"fr-FR","@id":"https:\/\/zizouit.com\/product\/amlou-aux-graines-de-courge\/#primaryimage","url":"https:\/\/zizouit.com\/wp-content\/uploads\/2025\/12\/WhatsApp-Image-2025-12-04-at-6.08.14-PM.jpeg","contentUrl":"https:\/\/zizouit.com\/wp-content\/uploads\/2025\/12\/WhatsApp-Image-2025-12-04-at-6.08.14-PM.jpeg","width":872,"height":1280},{"@type":"BreadcrumbList","@id":"https:\/\/zizouit.com\/product\/amlou-aux-graines-de-courge\/#breadcrumb","itemListElement":[{"@type":"ListItem","position":1,"name":"Accueil","item":"https:\/\/zizouit.com\/fr_fr\/"},{"@type":"ListItem","position":2,"name":"Shop","item":"https:\/\/zizouit.com\/shop\/"},{"@type":"ListItem","position":3,"name":"Amlou aux graines de courge"}]},{"@type":"WebSite","@id":"https:\/\/zizouit.com\/#website","url":"https:\/\/zizouit.com\/","name":"","description":"Zizouit","potentialAction":[{"@type":"SearchAction","target":{"@type":"EntryPoint","urlTemplate":"https:\/\/zizouit.com\/?s={search_term_string}"},"query-input":{"@type":"PropertyValueSpecification","valueRequired":true,"valueName":"search_term_string"}}],"inLanguage":"fr-FR"}]}},"_links":{"self":[{"href":"https:\/\/zizouit.com\/fr_fr\/wp-json\/wp\/v2\/product\/2615","targetHints":{"allow":["GET"]}}],"collection":[{"href":"https:\/\/zizouit.com\/fr_fr\/wp-json\/wp\/v2\/product"}],"about":[{"href":"https:\/\/zizouit.com\/fr_fr\/wp-json\/wp\/v2\/types\/product"}],"replies":[{"embeddable":true,"href":"https:\/\/zizouit.com\/fr_fr\/wp-json\/wp\/v2\/comments?post=2615"}],"wp:featuredmedia":[{"embeddable":true,"href":"https:\/\/zizouit.com\/fr_fr\/wp-json\/wp\/v2\/media\/2617"}],"wp:attachment":[{"href":"https:\/\/zizouit.com\/fr_fr\/wp-json\/wp\/v2\/media?parent=2615"}],"wp:term":[{"taxonomy":"product_brand","embeddable":true,"href":"https:\/\/zizouit.com\/fr_fr\/wp-json\/wp\/v2\/product_brand?post=2615"},{"taxonomy":"product_cat","embeddable":true,"href":"https:\/\/zizouit.com\/fr_fr\/wp-json\/wp\/v2\/product_cat?post=2615"},{"taxonomy":"product_tag","embeddable":true,"href":"https:\/\/zizouit.com\/fr_fr\/wp-json\/wp\/v2\/product_tag?post=2615"}],"curies":[{"name":"wp","href":"https:\/\/api.w.org\/{rel}","templated":true}]}}