{"id":1680,"date":"2025-01-27T08:47:52","date_gmt":"2025-01-27T08:47:52","guid":{"rendered":"https:\/\/zizouit.com\/?post_type=product&#038;p=1680"},"modified":"2026-03-02T15:59:11","modified_gmt":"2026-03-02T15:59:11","slug":"miel-doranger","status":"publish","type":"product","link":"https:\/\/zizouit.com\/fr_fr\/product\/miel-doranger\/","title":{"rendered":"Miel d&rsquo;Oranger"},"content":{"rendered":"<h6>\ud83d\ude9a <strong data-start=\"1590\" data-end=\"1620\">Livraison partout au Maroc<\/strong> :<\/h6>\n<p data-start=\"419\" data-end=\"486\">\u2705 Livraison rapide \u00e0 domicile : Casablanca, Rabat, Marrakech, Tanger, F\u00e8s, Agadir\u2026<br data-start=\"1707\" data-end=\"1710\" \/>\ud83d\udcb5 Paiement \u00e0 la livraison \u2013 S\u00e9curis\u00e9 et pratique<br data-start=\"1759\" data-end=\"1762\" \/>\u2b50 Des centaines de clients satisfaits dans tout le royaume<br data-start=\"1820\" data-end=\"1823\" \/>\u23f3 Quantit\u00e9 limit\u00e9e \u2013 Commandez maintenant avant rupture de stock !<\/p>\n<p data-start=\"1895\" data-end=\"2018\">\ud83d\udc49 <strong data-start=\"1898\" data-end=\"2018\">Commandez votre miel jujubier original 100% naturel maintenant chez ZIZOUIT et profitez de ses bienfaits incomparables !<\/strong><\/p>\n","protected":false},"excerpt":{"rendered":"<h5>Miel de Fleur d\u2019Oranger 100% Naturel \u2013 Coop\u00e9rative ZIZOUIT<\/h5>\n<p>Miel de fleur d\u2019oranger pur du Maroc, extrait des fleurs fra\u00eeches d\u2019oranger \u2013 go\u00fbt doux, floral et naturellement apaisant.<\/p>\n<p>\ud83d\udc9a <strong data-start=\"665\" data-end=\"705\">Ses bienfaits pour votre bien-\u00eatre :<\/strong><br data-start=\"705\" data-end=\"708\" \/>\u2714 Favorise la d\u00e9tente et am\u00e9liore la qualit\u00e9 du sommeil<br data-start=\"763\" data-end=\"766\" \/>\u2714 Apaise le syst\u00e8me nerveux, r\u00e9duit le stress et l\u2019anxi\u00e9t\u00e9<br data-start=\"824\" data-end=\"827\" \/>\u2714 Doux pour l\u2019estomac \u2013 excellent pour les enfants<br data-start=\"877\" data-end=\"880\" \/>\u2714 Riche en antioxydants \u2013 booste les d\u00e9fenses immunitaires<\/p>\n<p><strong>\u2705Pourquoi choisir le miel ZIZOUIT ?<\/strong><br data-start=\"1163\" data-end=\"1166\" \/>\ud83d\udd38 100% pur et local \u2013 Produit au Maroc par une coop\u00e9rative artisanale<br data-start=\"1236\" data-end=\"1239\" \/>\ud83d\udd38 Certifi\u00e9 ONSSA \u2013 Qualit\u00e9 et tra\u00e7abilit\u00e9 garanties<br data-start=\"1291\" data-end=\"1294\" \/>\ud83d\udd38 Sans sucre ajout\u00e9, ni conservateurs<br data-start=\"1332\" data-end=\"1335\" \/>\ud83d\udd38 Conditionn\u00e9 avec soin et test\u00e9 en laboratoire<br data-start=\"1383\" data-end=\"1386\" \/>\ud83d\udd38 Go\u00fbt naturel et bienfaits th\u00e9rapeutiques r\u00e9els<strong><br \/>\n<\/strong><\/p>\n<p data-start=\"658\" data-end=\"685\"><strong data-start=\"662\" data-end=\"683\">Formats et prix :<\/strong><\/p>\n<ul>\n<li data-start=\"658\" data-end=\"685\"><img decoding=\"async\" class=\"emoji\" role=\"img\" draggable=\"false\" src=\"https:\/\/s.w.org\/images\/core\/emoji\/15.1.0\/svg\/1f7e4.svg\" alt=\"\ud83d\udfe4\" \/> 1kg : 130 DH<\/li>\n<li data-start=\"658\" data-end=\"685\"><img decoding=\"async\" class=\"emoji\" role=\"img\" draggable=\"false\" src=\"https:\/\/s.w.org\/images\/core\/emoji\/15.1.0\/svg\/1f7e0.svg\" alt=\"\ud83d\udfe0\" \/> 500g : 75 DH<\/li>\n<li data-start=\"658\" data-end=\"685\"><img decoding=\"async\" class=\"emoji\" role=\"img\" draggable=\"false\" src=\"https:\/\/s.w.org\/images\/core\/emoji\/15.1.0\/svg\/1f7e1.svg\" alt=\"\ud83d\udfe1\" \/> 250g : 40 DH<\/li>\n<\/ul>\n<p>\ud83d\udce6 R\u00e9ductions disponibles pour les commandes en gros \u2013 Contactez-nous d\u00e8s maintenant !<\/p>\n","protected":false},"featured_media":2266,"comment_status":"open","ping_status":"closed","template":"","meta":{"site-sidebar-layout":"default","site-content-layout":"","ast-site-content-layout":"default","site-content-style":"default","site-sidebar-style":"default","ast-global-header-display":"","ast-banner-title-visibility":"","ast-main-header-display":"","ast-hfb-above-header-display":"","ast-hfb-below-header-display":"","ast-hfb-mobile-header-display":"","site-post-title":"","ast-breadcrumbs-content":"","ast-featured-img":"","footer-sml-layout":"","ast-disable-related-posts":"","theme-transparent-header-meta":"default","adv-header-id-meta":"","stick-header-meta":"","header-above-stick-meta":"","header-main-stick-meta":"","header-below-stick-meta":"","astra-migrate-meta-layouts":"set","ast-page-background-enabled":"default","ast-page-background-meta":{"desktop":{"background-color":"","background-image":"","background-repeat":"repeat","background-position":"center center","background-size":"auto","background-attachment":"scroll","background-type":"","background-media":"","overlay-type":"","overlay-color":"","overlay-opacity":"","overlay-gradient":""},"tablet":{"background-color":"","background-image":"","background-repeat":"repeat","background-position":"center center","background-size":"auto","background-attachment":"scroll","background-type":"","background-media":"","overlay-type":"","overlay-color":"","overlay-opacity":"","overlay-gradient":""},"mobile":{"background-color":"","background-image":"","background-repeat":"repeat","background-position":"center center","background-size":"auto","background-attachment":"scroll","background-type":"","background-media":"","overlay-type":"","overlay-color":"","overlay-opacity":"","overlay-gradient":""}},"ast-content-background-meta":{"desktop":{"background-color":"var(--ast-global-color-5)","background-image":"","background-repeat":"repeat","background-position":"center center","background-size":"auto","background-attachment":"scroll","background-type":"","background-media":"","overlay-type":"","overlay-color":"","overlay-opacity":"","overlay-gradient":""},"tablet":{"background-color":"var(--ast-global-color-5)","background-image":"","background-repeat":"repeat","background-position":"center center","background-size":"auto","background-attachment":"scroll","background-type":"","background-media":"","overlay-type":"","overlay-color":"","overlay-opacity":"","overlay-gradient":""},"mobile":{"background-color":"var(--ast-global-color-5)","background-image":"","background-repeat":"repeat","background-position":"center center","background-size":"auto","background-attachment":"scroll","background-type":"","background-media":"","overlay-type":"","overlay-color":"","overlay-opacity":"","overlay-gradient":""}}},"product_brand":[],"product_cat":[30],"product_tag":[],"class_list":{"0":"post-1680","1":"product","2":"type-product","3":"status-publish","4":"has-post-thumbnail","6":"product_cat-miel","7":"desktop-align-left","8":"tablet-align-left","9":"mobile-align-left","11":"first","12":"instock","13":"shipping-taxable","14":"purchasable","15":"product-type-variable"},"yoast_head":"<!-- This site is optimized with the Yoast SEO plugin v27.1.1 - https:\/\/yoast.com\/product\/yoast-seo-wordpress\/ -->\n<title>Miel d&#039;Oranger -<\/title>\n<meta name=\"robots\" content=\"index, follow, max-snippet:-1, max-image-preview:large, max-video-preview:-1\" \/>\n<link rel=\"canonical\" href=\"https:\/\/zizouit.com\/fr_fr\/product\/miel-doranger\/\" \/>\n<meta property=\"og:locale\" content=\"fr_FR\" \/>\n<meta property=\"og:type\" content=\"article\" \/>\n<meta property=\"og:title\" content=\"Miel d&#039;Oranger -\" \/>\n<meta property=\"og:description\" content=\"Miel de Fleur d\u2019Oranger 100% Naturel \u2013 Coop\u00e9rative ZIZOUIT Miel de fleur d\u2019oranger pur du Maroc, extrait des fleurs fra\u00eeches d\u2019oranger \u2013 go\u00fbt doux, floral et naturellement apaisant.  \ud83d\udc9a Ses bienfaits pour votre bien-\u00eatre :\u2714 Favorise la d\u00e9tente et am\u00e9liore la qualit\u00e9 du sommeil\u2714 Apaise le syst\u00e8me nerveux, r\u00e9duit le stress et l\u2019anxi\u00e9t\u00e9\u2714 Doux pour l\u2019estomac \u2013 excellent pour les enfants\u2714 Riche en antioxydants \u2013 booste les d\u00e9fenses immunitaires  \u2705Pourquoi choisir le miel ZIZOUIT ?\ud83d\udd38 100% pur et local \u2013 Produit au Maroc par une coop\u00e9rative artisanale\ud83d\udd38 Certifi\u00e9 ONSSA \u2013 Qualit\u00e9 et tra\u00e7abilit\u00e9 garanties\ud83d\udd38 Sans sucre ajout\u00e9, ni conservateurs\ud83d\udd38 Conditionn\u00e9 avec soin et test\u00e9 en laboratoire\ud83d\udd38 Go\u00fbt naturel et bienfaits th\u00e9rapeutiques r\u00e9els  Formats et prix :     1kg : 130 DH   500g : 75 DH   250g : 40 DH  \ud83d\udce6 R\u00e9ductions disponibles pour les commandes en gros \u2013 Contactez-nous d\u00e8s maintenant !\" \/>\n<meta property=\"og:url\" content=\"https:\/\/zizouit.com\/fr_fr\/product\/miel-doranger\/\" \/>\n<meta property=\"article:modified_time\" content=\"2026-03-02T15:59:11+00:00\" \/>\n<meta property=\"og:image\" content=\"https:\/\/zizouit.com\/wp-content\/uploads\/2025\/01\/WhatsApp-Image-2025-06-25-at-1.52.46-PM-scaled.jpeg\" \/>\n\t<meta property=\"og:image:width\" content=\"2168\" \/>\n\t<meta property=\"og:image:height\" content=\"2560\" \/>\n\t<meta property=\"og:image:type\" content=\"image\/jpeg\" \/>\n<meta name=\"twitter:card\" content=\"summary_large_image\" \/>\n<meta name=\"twitter:label1\" content=\"Dur\u00e9e de lecture estim\u00e9e\" \/>\n\t<meta name=\"twitter:data1\" content=\"1 minute\" \/>\n<script type=\"application\/ld+json\" class=\"yoast-schema-graph\">{\"@context\":\"https:\/\/schema.org\",\"@graph\":[{\"@type\":\"WebPage\",\"@id\":\"https:\/\/zizouit.com\/product\/miel-doranger\/\",\"url\":\"https:\/\/zizouit.com\/product\/miel-doranger\/\",\"name\":\"Miel d'Oranger -\",\"isPartOf\":{\"@id\":\"https:\/\/zizouit.com\/#website\"},\"primaryImageOfPage\":{\"@id\":\"https:\/\/zizouit.com\/product\/miel-doranger\/#primaryimage\"},\"image\":{\"@id\":\"https:\/\/zizouit.com\/product\/miel-doranger\/#primaryimage\"},\"thumbnailUrl\":\"https:\/\/zizouit.com\/wp-content\/uploads\/2025\/01\/WhatsApp-Image-2025-06-25-at-1.52.46-PM-scaled.jpeg\",\"datePublished\":\"2025-01-27T08:47:52+00:00\",\"dateModified\":\"2026-03-02T15:59:11+00:00\",\"breadcrumb\":{\"@id\":\"https:\/\/zizouit.com\/product\/miel-doranger\/#breadcrumb\"},\"inLanguage\":\"fr-FR\",\"potentialAction\":[{\"@type\":\"ReadAction\",\"target\":[\"https:\/\/zizouit.com\/product\/miel-doranger\/\"]}]},{\"@type\":\"ImageObject\",\"inLanguage\":\"fr-FR\",\"@id\":\"https:\/\/zizouit.com\/product\/miel-doranger\/#primaryimage\",\"url\":\"https:\/\/zizouit.com\/wp-content\/uploads\/2025\/01\/WhatsApp-Image-2025-06-25-at-1.52.46-PM-scaled.jpeg\",\"contentUrl\":\"https:\/\/zizouit.com\/wp-content\/uploads\/2025\/01\/WhatsApp-Image-2025-06-25-at-1.52.46-PM-scaled.jpeg\",\"width\":2168,\"height\":2560},{\"@type\":\"BreadcrumbList\",\"@id\":\"https:\/\/zizouit.com\/product\/miel-doranger\/#breadcrumb\",\"itemListElement\":[{\"@type\":\"ListItem\",\"position\":1,\"name\":\"Accueil\",\"item\":\"https:\/\/zizouit.com\/fr_fr\/\"},{\"@type\":\"ListItem\",\"position\":2,\"name\":\"Shop\",\"item\":\"https:\/\/zizouit.com\/shop\/\"},{\"@type\":\"ListItem\",\"position\":3,\"name\":\"Miel d&rsquo;Oranger\"}]},{\"@type\":\"WebSite\",\"@id\":\"https:\/\/zizouit.com\/#website\",\"url\":\"https:\/\/zizouit.com\/\",\"name\":\"\",\"description\":\"Zizouit\",\"potentialAction\":[{\"@type\":\"SearchAction\",\"target\":{\"@type\":\"EntryPoint\",\"urlTemplate\":\"https:\/\/zizouit.com\/?s={search_term_string}\"},\"query-input\":{\"@type\":\"PropertyValueSpecification\",\"valueRequired\":true,\"valueName\":\"search_term_string\"}}],\"inLanguage\":\"fr-FR\"}]}<\/script>\n<!-- \/ Yoast SEO plugin. -->","yoast_head_json":{"title":"Miel d'Oranger -","robots":{"index":"index","follow":"follow","max-snippet":"max-snippet:-1","max-image-preview":"max-image-preview:large","max-video-preview":"max-video-preview:-1"},"canonical":"https:\/\/zizouit.com\/fr_fr\/product\/miel-doranger\/","og_locale":"fr_FR","og_type":"article","og_title":"Miel d'Oranger -","og_description":"Miel de Fleur d\u2019Oranger 100% Naturel \u2013 Coop\u00e9rative ZIZOUIT Miel de fleur d\u2019oranger pur du Maroc, extrait des fleurs fra\u00eeches d\u2019oranger \u2013 go\u00fbt doux, floral et naturellement apaisant.  \ud83d\udc9a Ses bienfaits pour votre bien-\u00eatre :\u2714 Favorise la d\u00e9tente et am\u00e9liore la qualit\u00e9 du sommeil\u2714 Apaise le syst\u00e8me nerveux, r\u00e9duit le stress et l\u2019anxi\u00e9t\u00e9\u2714 Doux pour l\u2019estomac \u2013 excellent pour les enfants\u2714 Riche en antioxydants \u2013 booste les d\u00e9fenses immunitaires  \u2705Pourquoi choisir le miel ZIZOUIT ?\ud83d\udd38 100% pur et local \u2013 Produit au Maroc par une coop\u00e9rative artisanale\ud83d\udd38 Certifi\u00e9 ONSSA \u2013 Qualit\u00e9 et tra\u00e7abilit\u00e9 garanties\ud83d\udd38 Sans sucre ajout\u00e9, ni conservateurs\ud83d\udd38 Conditionn\u00e9 avec soin et test\u00e9 en laboratoire\ud83d\udd38 Go\u00fbt naturel et bienfaits th\u00e9rapeutiques r\u00e9els  Formats et prix :     1kg : 130 DH   500g : 75 DH   250g : 40 DH  \ud83d\udce6 R\u00e9ductions disponibles pour les commandes en gros \u2013 Contactez-nous d\u00e8s maintenant !","og_url":"https:\/\/zizouit.com\/fr_fr\/product\/miel-doranger\/","article_modified_time":"2026-03-02T15:59:11+00:00","og_image":[{"width":2168,"height":2560,"url":"https:\/\/zizouit.com\/wp-content\/uploads\/2025\/01\/WhatsApp-Image-2025-06-25-at-1.52.46-PM-scaled.jpeg","type":"image\/jpeg"}],"twitter_card":"summary_large_image","twitter_misc":{"Dur\u00e9e de lecture estim\u00e9e":"1 minute"},"schema":{"@context":"https:\/\/schema.org","@graph":[{"@type":"WebPage","@id":"https:\/\/zizouit.com\/product\/miel-doranger\/","url":"https:\/\/zizouit.com\/product\/miel-doranger\/","name":"Miel d'Oranger -","isPartOf":{"@id":"https:\/\/zizouit.com\/#website"},"primaryImageOfPage":{"@id":"https:\/\/zizouit.com\/product\/miel-doranger\/#primaryimage"},"image":{"@id":"https:\/\/zizouit.com\/product\/miel-doranger\/#primaryimage"},"thumbnailUrl":"https:\/\/zizouit.com\/wp-content\/uploads\/2025\/01\/WhatsApp-Image-2025-06-25-at-1.52.46-PM-scaled.jpeg","datePublished":"2025-01-27T08:47:52+00:00","dateModified":"2026-03-02T15:59:11+00:00","breadcrumb":{"@id":"https:\/\/zizouit.com\/product\/miel-doranger\/#breadcrumb"},"inLanguage":"fr-FR","potentialAction":[{"@type":"ReadAction","target":["https:\/\/zizouit.com\/product\/miel-doranger\/"]}]},{"@type":"ImageObject","inLanguage":"fr-FR","@id":"https:\/\/zizouit.com\/product\/miel-doranger\/#primaryimage","url":"https:\/\/zizouit.com\/wp-content\/uploads\/2025\/01\/WhatsApp-Image-2025-06-25-at-1.52.46-PM-scaled.jpeg","contentUrl":"https:\/\/zizouit.com\/wp-content\/uploads\/2025\/01\/WhatsApp-Image-2025-06-25-at-1.52.46-PM-scaled.jpeg","width":2168,"height":2560},{"@type":"BreadcrumbList","@id":"https:\/\/zizouit.com\/product\/miel-doranger\/#breadcrumb","itemListElement":[{"@type":"ListItem","position":1,"name":"Accueil","item":"https:\/\/zizouit.com\/fr_fr\/"},{"@type":"ListItem","position":2,"name":"Shop","item":"https:\/\/zizouit.com\/shop\/"},{"@type":"ListItem","position":3,"name":"Miel d&rsquo;Oranger"}]},{"@type":"WebSite","@id":"https:\/\/zizouit.com\/#website","url":"https:\/\/zizouit.com\/","name":"","description":"Zizouit","potentialAction":[{"@type":"SearchAction","target":{"@type":"EntryPoint","urlTemplate":"https:\/\/zizouit.com\/?s={search_term_string}"},"query-input":{"@type":"PropertyValueSpecification","valueRequired":true,"valueName":"search_term_string"}}],"inLanguage":"fr-FR"}]}},"_links":{"self":[{"href":"https:\/\/zizouit.com\/fr_fr\/wp-json\/wp\/v2\/product\/1680","targetHints":{"allow":["GET"]}}],"collection":[{"href":"https:\/\/zizouit.com\/fr_fr\/wp-json\/wp\/v2\/product"}],"about":[{"href":"https:\/\/zizouit.com\/fr_fr\/wp-json\/wp\/v2\/types\/product"}],"replies":[{"embeddable":true,"href":"https:\/\/zizouit.com\/fr_fr\/wp-json\/wp\/v2\/comments?post=1680"}],"wp:featuredmedia":[{"embeddable":true,"href":"https:\/\/zizouit.com\/fr_fr\/wp-json\/wp\/v2\/media\/2266"}],"wp:attachment":[{"href":"https:\/\/zizouit.com\/fr_fr\/wp-json\/wp\/v2\/media?parent=1680"}],"wp:term":[{"taxonomy":"product_brand","embeddable":true,"href":"https:\/\/zizouit.com\/fr_fr\/wp-json\/wp\/v2\/product_brand?post=1680"},{"taxonomy":"product_cat","embeddable":true,"href":"https:\/\/zizouit.com\/fr_fr\/wp-json\/wp\/v2\/product_cat?post=1680"},{"taxonomy":"product_tag","embeddable":true,"href":"https:\/\/zizouit.com\/fr_fr\/wp-json\/wp\/v2\/product_tag?post=1680"}],"curies":[{"name":"wp","href":"https:\/\/api.w.org\/{rel}","templated":true}]}}