{"id":2211,"date":"2025-06-23T22:37:08","date_gmt":"2025-06-23T22:37:08","guid":{"rendered":"https:\/\/zizouit.com\/?post_type=product&#038;p=2211"},"modified":"2026-03-15T14:23:18","modified_gmt":"2026-03-15T14:23:18","slug":"amlou-aux-amandes-miel-et-huile-dargan","status":"publish","type":"product","link":"https:\/\/zizouit.com\/ar\/product\/amlou-aux-amandes-miel-et-huile-dargan\/","title":{"rendered":"\u0623\u0645\u0644\u0648 \u0628\u0627\u0644\u0644\u0648\u0632 \u0648\u0627\u0644\u0639\u0633\u0644 \u0648\u0632\u064a\u062a \u0627\u0644\u0623\u0631\u0643\u0627\u0646"},"content":{"rendered":"<h6>\ud83d\ude9a <strong data-start=\"1590\" data-end=\"1620\">\u0627\u0644\u062a\u0648\u0635\u064a\u0644 \u0645\u062a\u0627\u062d \u0641\u064a \u062c\u0645\u064a\u0639 \u0623\u0646\u062d\u0627\u0621 \u0627\u0644\u0645\u063a\u0631\u0628<\/strong> :<\/h6>\n<p data-start=\"419\" data-end=\"486\">\u2705 \u062a\u0648\u0635\u064a\u0644 \u0633\u0631\u064a\u0639 \u0625\u0644\u0649 \u0628\u0627\u0628 \u0627\u0644\u0645\u0646\u0632\u0644: \u0627\u0644\u062f\u0627\u0631 \u0627\u0644\u0628\u064a\u0636\u0627\u0621\u060c \u0627\u0644\u0631\u0628\u0627\u0637\u060c \u0645\u0631\u0627\u0643\u0634\u060c \u0637\u0646\u062c\u0629\u060c \u0641\u0627\u0633\u060c \u0623\u0643\u0627\u062f\u064a\u0631\u2026<br data-start=\"1707\" data-end=\"1710\" \/>\ud83d\udcb5 \u0627\u0644\u062f\u0641\u0639 \u0639\u0646\u062f \u0627\u0644\u0627\u0633\u062a\u0644\u0627\u0645 \u2013 \u0622\u0645\u0646 \u0648\u0645\u0631\u064a\u062d<br data-start=\"1759\" data-end=\"1762\" \/>\u2b50 \u0645\u0626\u0627\u062a \u0627\u0644\u0632\u0628\u0646\u0627\u0621 \u0627\u0644\u0631\u0627\u0636\u064a\u0646 \u0641\u064a \u062c\u0645\u064a\u0639 \u0623\u0646\u062d\u0627\u0621 \u0627\u0644\u0645\u0645\u0644\u0643\u0629<br data-start=\"1820\" data-end=\"1823\" \/>\u23f3 \u0627\u0644\u0643\u0645\u064a\u0629 \u0645\u062d\u062f\u0648\u062f\u0629 \u2013 \u0633\u0627\u0631\u0639 \u0628\u0627\u0644\u0637\u0644\u0628 \u0642\u0628\u0644 \u0646\u0641\u0627\u062f \u0627\u0644\u0645\u062e\u0632\u0648\u0646 !<\/p>\n<p data-start=\"1895\" data-end=\"2018\">\ud83d\udc49 <strong data-start=\"1898\" data-end=\"2018\">\ud83d\udc49 \u0627\u0637\u0644\u0628 \u0627\u0644\u0622\u0646 \u0623\u0645\u0644\u0648 \u0627\u0644\u0623\u0635\u0644\u064a 100% \u0627\u0644\u0637\u0628\u064a\u0639\u064a \u0645\u0646 \u062a\u0639\u0627\u0648\u0646\u064a\u0629 \u0632\u064a\u0632\u0648\u064a\u062a \u0648\u0627\u0633\u062a\u0645\u062a\u0639 \u0628\u0641\u0648\u0627\u0626\u062f\u0647 \u0627\u0644\u062a\u064a \u0644\u0627 \u0645\u062b\u064a\u0644 \u0644\u0647\u0627!<\/strong><\/p>\n<p>&nbsp;<\/p>","protected":false},"excerpt":{"rendered":"<h5>\u0623\u0645\u0644\u0648 \u0628\u0627\u0644\u0644\u0648\u0632 \u0648\u0627\u0644\u0639\u0633\u0644 \u0648\u0632\u064a\u062a \u0627\u0644\u0623\u0631\u0643\u0627\u0646 \u2013 \u0637\u0628\u064a\u0639\u064a 100% \u0645\u0646 \u062a\u0639\u0627\u0648\u0646\u064a\u0629 \u0632\u064a\u0632\u0648\u064a\u062a<\/h5>\n<p data-start=\"58\" data-end=\"312\">\u0623\u0645\u0644\u0648 \u0632\u064a\u0632\u0648\u064a\u062a \u0647\u0648 \u0648\u0635\u0641\u0629 \u062a\u0642\u0644\u064a\u062f\u064a\u0629 \u0645\u063a\u0631\u0628\u064a\u0629 \u0645\u0634\u0647\u0648\u0631\u0629\u060c \u064a\u062c\u0645\u0639 \u0628\u064a\u0646 \u062b\u0644\u0627\u062b \u0645\u0643\u0648\u0646\u0627\u062a \u0637\u0628\u064a\u0639\u064a\u0629 \u0642\u0648\u064a\u0629: \u0627\u0644\u0644\u0648\u0632 \u0627\u0644\u0628\u0644\u062f\u064a\u060c \u0627\u0644\u0639\u0633\u0644 \u0627\u0644\u062d\u0631\u060c \u0648\u0632\u064a\u062a \u0627\u0644\u0623\u0631\u0643\u0627\u0646 \u0627\u0644\u0628\u0643\u0631. \u064a\u064f\u062d\u0636\u0651\u0631 \u0628\u0639\u0646\u0627\u064a\u0629 \u0644\u064a\u0645\u0646\u062d\u0643 \u0637\u0627\u0642\u0629\u060c \u062a\u063a\u0630\u064a\u0629\u060c \u0648\u0637\u0639\u0645\u064b\u0627 \u0641\u062e\u0645\u064b\u0627 \u0644\u0627 \u064a\u064f\u0642\u0627\u0648\u064e\u0645<\/p>\n<p data-start=\"699\" data-end=\"728\"><strong>\ud83e\uddea \u0627\u0644\u0645\u0643\u0648\u0646\u0627\u062a:<\/strong><br data-start=\"1268\" data-end=\"1271\" \/>\u2714 \u0644\u0648\u0632 \u0645\u062d\u0645\u0635 \u0648\u0645\u0637\u062d\u0648\u0646<br data-start=\"573\" data-end=\"576\" \/>\u2714 \u0639\u0633\u0644 \u062d\u0631 \u0646\u0642\u064a<br data-start=\"599\" data-end=\"602\" \/>\u2714 \u0632\u064a\u062a \u0623\u0631\u0643\u0627\u0646 \u063a\u0630\u0627\u0626\u064a \u0623\u0635\u0644\u064a<\/p>\n<p>\ud83d\udc9a <strong data-start=\"510\" data-end=\"558\">\u0641\u0648\u0627\u0626\u062f \u0645\u0630\u0647\u0644\u0629 \u0644\u0635\u062d\u062a\u0643<\/strong><strong data-start=\"723\" data-end=\"768\">\u00a0:<\/strong><br data-start=\"768\" data-end=\"771\" \/>\u2714 \u0645\u0635\u062f\u0631 \u063a\u0646\u064a \u0644\u0644\u0637\u0627\u0642\u0629 \u0648\u0627\u0644\u0628\u0631\u0648\u062a\u064a\u0646\u0627\u062a \u0627\u0644\u0635\u062d\u064a\u0629<br data-start=\"742\" data-end=\"745\" \/>\u2714 \u064a\u062f\u0639\u0645 \u0635\u062d\u0629 \u0627\u0644\u0642\u0644\u0628 \u0628\u0641\u0636\u0644 \u0627\u0644\u062f\u0647\u0648\u0646 \u0627\u0644\u062c\u064a\u062f\u0629 \u0641\u064a \u0627\u0644\u0623\u0631\u0643\u0627\u0646 \u0648\u0627\u0644\u0644\u0648\u0632<br data-start=\"815\" data-end=\"818\" \/>\u2714 \u064a\u064f\u0633\u0627\u0639\u062f \u0639\u0644\u0649 \u0627\u0644\u0634\u0628\u0639 \u0648\u064a\u062f\u0639\u0645 \u0646\u0645\u0637 \u062d\u064a\u0627\u0629 \u0635\u062d\u064a<br data-start=\"874\" data-end=\"877\" \/>\u2714 \u064a\u062d\u0633\u0646 \u0645\u0646 \u0627\u0644\u062a\u0631\u0643\u064a\u0632 \u0648\u0627\u0644\u0646\u0634\u0627\u0637 \u0627\u0644\u0630\u0647\u0646\u064a<br data-start=\"927\" data-end=\"930\" \/>\u2714 \u0645\u062b\u0627\u0644\u064a \u0644\u0644\u0641\u0637\u0648\u0631 \u0627\u0644\u0635\u0628\u0627\u062d\u064a \u0623\u0648 \u0643\u0648\u062c\u0628\u0629 \u062e\u0641\u064a\u0641\u0629 \u0645\u063a\u0630\u064a\u0629<br data-start=\"1003\" data-end=\"1006\" \/>\u2714 \u064a\u062f\u0639\u0645 \u0627\u0644\u0645\u0646\u0627\u0639\u0629 \u0648\u064a\u064f\u063a\u0630\u064a \u0627\u0644\u062c\u0633\u0645 \u0628\u0627\u0644\u0639\u0646\u0627\u0635\u0631 \u0627\u0644\u062d\u064a\u0648\u064a\u0629<\/p>\n<p data-start=\"1362\" data-end=\"1392\"><img decoding=\"async\" class=\"emoji\" role=\"img\" draggable=\"false\" src=\"https:\/\/s.w.org\/images\/core\/emoji\/15.1.0\/svg\/1f944.svg\" alt=\"\ud83e\udd44\" \/>\u00a0<strong data-start=\"1240\" data-end=\"1268\">\u0637\u0631\u064a\u0642\u0629 \u0627\u0644\u0627\u0633\u062a\u0639\u0645\u0627\u0644:<\/strong><br data-start=\"1268\" data-end=\"1271\" \/>\u2022 \u064a\u064f\u0624\u0643\u0644 \u0628\u0627\u0644\u0645\u0644\u0639\u0642\u0629 \u0645\u0628\u0627\u0634\u0631\u0629<br data-start=\"1146\" data-end=\"1149\" \/>\u2022 \u064a\u064f\u062f\u0647\u0646 \u0639\u0644\u0649 \u0627\u0644\u062e\u0628\u0632\u060c \u0627\u0644\u0628\u063a\u0631\u064a\u0631\u060c \u0623\u0648 \u0627\u0644\u0645\u0633\u0645\u0646<br data-start=\"1192\" data-end=\"1195\" \/>\u2022 \u064a\u064f\u0645\u0643\u0646 \u0625\u0636\u0627\u0641\u062a\u0647 \u0644\u0644\u0634\u0648\u0641\u0627\u0646 \u0623\u0648 \u0627\u0644\u0632\u0628\u0627\u062f\u064a \u0644\u0641\u0637\u0648\u0631 \u0635\u062d\u064a<\/p>\n<p><strong>\u2705 \u0644\u0645\u0627\u0630\u0627 \u062a\u062e\u062a\u0627\u0631 \u0632\u064a\u0632\u0648\u064a\u062a\u061f<\/strong><br data-start=\"1163\" data-end=\"1166\" \/>\ud83d\udd38 \u0645\u0646\u062a\u062c \u0637\u0628\u064a\u0639\u064a 100% \u0648\u0645\u062d\u0644\u064a \u0627\u0644\u0635\u0646\u0639<br data-start=\"1436\" data-end=\"1439\" \/>\ud83d\udd38 \u0645\u0631\u062e\u0635 \u0645\u0646 ONSSA<br data-start=\"1474\" data-end=\"1477\" \/>\ud83d\udd38 \u063a\u0646\u064a \u0628\u0627\u0644\u0645\u063a\u0630\u064a\u0627\u062a \u2013 \u0637\u0639\u0645 \u0641\u0627\u062e\u0631 \u0648\u0642\u0648\u0627\u0645 \u0643\u0631\u064a\u0645\u064a<br data-start=\"1883\" data-end=\"1886\" \/>\ud83d\udd38 \u0645\u0646\u0627\u0633\u0628 \u0644\u0644\u0643\u0628\u0627\u0631 \u0648\u0627\u0644\u0635\u063a\u0627\u0631\u060c \u0644\u0644\u0631\u064a\u0627\u0636\u064a\u064a\u0646 \u0648\u0645\u062d\u0628\u064a \u0627\u0644\u062a\u063a\u0630\u064a\u0629 \u0627\u0644\u0635\u062d\u064a\u0629<\/p>\n<p data-start=\"658\" data-end=\"685\"><strong data-start=\"662\" data-end=\"683\">\u0627\u0644\u0623\u062d\u062c\u0627\u0645 \u0648\u0627\u0644\u0623\u0633\u0639\u0627\u0631 :<\/strong><\/p>\n<ul>\n<li data-start=\"658\" data-end=\"685\"><img decoding=\"async\" class=\"emoji\" role=\"img\" draggable=\"false\" src=\"https:\/\/s.w.org\/images\/core\/emoji\/15.1.0\/svg\/1f7e4.svg\" alt=\"\ud83d\udfe4\" \/> 370g: 100DH<\/li>\n<li data-start=\"658\" data-end=\"685\"><img decoding=\"async\" class=\"emoji\" role=\"img\" draggable=\"false\" src=\"https:\/\/s.w.org\/images\/core\/emoji\/15.1.0\/svg\/1f7e0.svg\" alt=\"\ud83d\udfe0\" \/>700 : 180 DH<\/li>\n<\/ul>\n<p>\ud83d\udce6 \u062a\u062e\u0641\u064a\u0636\u0627\u062a \u0644\u0644\u0637\u0644\u0628\u0627\u062a \u0628\u0627\u0644\u062c\u0645\u0644\u0629 \u2013 \u0631\u0627\u0633\u0644\u0646\u0627 \u0627\u0644\u0622\u0646!<\/p>","protected":false},"featured_media":2216,"comment_status":"open","ping_status":"closed","template":"","meta":{"site-sidebar-layout":"default","site-content-layout":"","ast-site-content-layout":"default","site-content-style":"default","site-sidebar-style":"default","ast-global-header-display":"","ast-banner-title-visibility":"","ast-main-header-display":"","ast-hfb-above-header-display":"","ast-hfb-below-header-display":"","ast-hfb-mobile-header-display":"","site-post-title":"","ast-breadcrumbs-content":"","ast-featured-img":"","footer-sml-layout":"","ast-disable-related-posts":"","theme-transparent-header-meta":"default","adv-header-id-meta":"","stick-header-meta":"","header-above-stick-meta":"","header-main-stick-meta":"","header-below-stick-meta":"","astra-migrate-meta-layouts":"set","ast-page-background-enabled":"default","ast-page-background-meta":{"desktop":{"background-color":"","background-image":"","background-repeat":"repeat","background-position":"center center","background-size":"auto","background-attachment":"scroll","background-type":"","background-media":"","overlay-type":"","overlay-color":"","overlay-opacity":"","overlay-gradient":""},"tablet":{"background-color":"","background-image":"","background-repeat":"repeat","background-position":"center center","background-size":"auto","background-attachment":"scroll","background-type":"","background-media":"","overlay-type":"","overlay-color":"","overlay-opacity":"","overlay-gradient":""},"mobile":{"background-color":"","background-image":"","background-repeat":"repeat","background-position":"center center","background-size":"auto","background-attachment":"scroll","background-type":"","background-media":"","overlay-type":"","overlay-color":"","overlay-opacity":"","overlay-gradient":""}},"ast-content-background-meta":{"desktop":{"background-color":"var(--ast-global-color-5)","background-image":"","background-repeat":"repeat","background-position":"center center","background-size":"auto","background-attachment":"scroll","background-type":"","background-media":"","overlay-type":"","overlay-color":"","overlay-opacity":"","overlay-gradient":""},"tablet":{"background-color":"var(--ast-global-color-5)","background-image":"","background-repeat":"repeat","background-position":"center center","background-size":"auto","background-attachment":"scroll","background-type":"","background-media":"","overlay-type":"","overlay-color":"","overlay-opacity":"","overlay-gradient":""},"mobile":{"background-color":"var(--ast-global-color-5)","background-image":"","background-repeat":"repeat","background-position":"center center","background-size":"auto","background-attachment":"scroll","background-type":"","background-media":"","overlay-type":"","overlay-color":"","overlay-opacity":"","overlay-gradient":""}}},"product_brand":[],"product_cat":[62],"product_tag":[],"class_list":{"0":"post-2211","1":"product","2":"type-product","3":"status-publish","4":"has-post-thumbnail","6":"product_cat-amlou","7":"desktop-align-left","8":"tablet-align-left","9":"mobile-align-left","11":"first","12":"instock","13":"shipping-taxable","14":"purchasable","15":"product-type-variable"},"yoast_head":"<!-- This site is optimized with the Yoast SEO plugin v27.1.1 - https:\/\/yoast.com\/product\/yoast-seo-wordpress\/ -->\n<title>Amlou aux amandes, miel et huile d\u2019argan -<\/title>\n<meta name=\"robots\" content=\"index, follow, max-snippet:-1, max-image-preview:large, max-video-preview:-1\" \/>\n<link rel=\"canonical\" href=\"https:\/\/zizouit.com\/ar\/product\/amlou-aux-amandes-miel-et-huile-dargan\/\" \/>\n<meta property=\"og:locale\" content=\"ar_AR\" \/>\n<meta property=\"og:type\" content=\"article\" \/>\n<meta property=\"og:title\" content=\"Amlou aux amandes, miel et huile d\u2019argan -\" \/>\n<meta property=\"og:description\" content=\"Amlou aux amandes, miel pur et huile d\u2019argan 100% naturel \u2013 Coop\u00e9rative ZIZOUIT L\u2019Amlou ZIZOUIT est une recette traditionnelle marocaine r\u00e9put\u00e9e, qui r\u00e9unit trois puissants ingr\u00e9dients naturels : des amandes locales, du miel pur et de l\u2019huile d\u2019argan vierge. Pr\u00e9par\u00e9 avec soin, il vous offre \u00e9nergie, nutrition et une saveur exquise irr\u00e9sistible. \ud83e\uddea Ingr\u00e9dients naturels :\u2714 Amandes grill\u00e9es et finement moulues\u2714 Miel naturel 100% pur\u2714 Huile d\u2019argan alimentaire extra vierge \ud83d\udc9a Des bienfaits exceptionnels pour votre sant\u00e9\u00a0:\u2714 Excellente source d\u2019\u00e9nergie et de prot\u00e9ines saines\u2714 Bon pour le c\u0153ur gr\u00e2ce aux bonnes graisses de l\u2019amande et de l\u2019argan\u2714 Aide \u00e0 la sati\u00e9t\u00e9 et soutient un mode de vie \u00e9quilibr\u00e9\u2714 Am\u00e9liore la concentration et la vitalit\u00e9 mentale\u2714 Parfait pour un petit-d\u00e9jeuner marocain nutritif ou une collation saine\u2714 Renforce le syst\u00e8me immunitaire et nourrit le corps en \u00e9l\u00e9ments essentiels \u00a0Conseils d\u2019utilisation :\u2022 \u00c0 la cuill\u00e8re, directement\u2022 \u00c0 tartiner sur du pain, msemen ou baghrir\u2022 \u00c0 m\u00e9langer avec du yaourt ou des flocons d\u2019avoine pour un petit-d\u00e9jeuner sain \u2705Pourquoi choisir l\u2019Amlou de ZIZOUIT ?\ud83d\udd38 Produit 100% naturel et fabriqu\u00e9 au Maroc\ud83d\udd38 Certifi\u00e9 et autoris\u00e9 par l\u2019ONSSA\ud83d\udd38 Riche en nutriments, Texture onctueuse et go\u00fbt raffin\u00e9\ud83d\udd38 Convient aux adultes, enfants, sportifs et amateurs de nourriture saine Formats et prix :     370g: 100DH  700 : 180 DH  \ud83d\udce6 R\u00e9ductions disponibles pour les commandes en gros \u2013 Contactez-nous d\u00e8s maintenant !\" \/>\n<meta property=\"og:url\" content=\"https:\/\/zizouit.com\/ar\/product\/amlou-aux-amandes-miel-et-huile-dargan\/\" \/>\n<meta property=\"article:modified_time\" content=\"2026-03-15T14:23:18+00:00\" \/>\n<meta property=\"og:image\" content=\"https:\/\/zizouit.com\/wp-content\/uploads\/2025\/06\/WhatsApp-Image-2025-06-23-at-1.29.04-PM-scaled.jpeg\" \/>\n\t<meta property=\"og:image:width\" content=\"2183\" \/>\n\t<meta property=\"og:image:height\" content=\"2560\" \/>\n\t<meta property=\"og:image:type\" content=\"image\/jpeg\" \/>\n<meta name=\"twitter:card\" content=\"summary_large_image\" \/>\n<meta name=\"twitter:label1\" content=\"Est. reading time\" \/>\n\t<meta name=\"twitter:data1\" content=\"1 minute\" \/>\n<script type=\"application\/ld+json\" class=\"yoast-schema-graph\">{\"@context\":\"https:\/\/schema.org\",\"@graph\":[{\"@type\":\"WebPage\",\"@id\":\"https:\/\/zizouit.com\/product\/amlou-aux-amandes-miel-et-huile-dargan\/\",\"url\":\"https:\/\/zizouit.com\/product\/amlou-aux-amandes-miel-et-huile-dargan\/\",\"name\":\"Amlou aux amandes, miel et huile d\u2019argan -\",\"isPartOf\":{\"@id\":\"https:\/\/zizouit.com\/#website\"},\"primaryImageOfPage\":{\"@id\":\"https:\/\/zizouit.com\/product\/amlou-aux-amandes-miel-et-huile-dargan\/#primaryimage\"},\"image\":{\"@id\":\"https:\/\/zizouit.com\/product\/amlou-aux-amandes-miel-et-huile-dargan\/#primaryimage\"},\"thumbnailUrl\":\"https:\/\/zizouit.com\/wp-content\/uploads\/2025\/06\/WhatsApp-Image-2025-06-23-at-1.29.04-PM-scaled.jpeg\",\"datePublished\":\"2025-06-23T22:37:08+00:00\",\"dateModified\":\"2026-03-15T14:23:18+00:00\",\"breadcrumb\":{\"@id\":\"https:\/\/zizouit.com\/product\/amlou-aux-amandes-miel-et-huile-dargan\/#breadcrumb\"},\"inLanguage\":\"ary\",\"potentialAction\":[{\"@type\":\"ReadAction\",\"target\":[\"https:\/\/zizouit.com\/product\/amlou-aux-amandes-miel-et-huile-dargan\/\"]}]},{\"@type\":\"ImageObject\",\"inLanguage\":\"ary\",\"@id\":\"https:\/\/zizouit.com\/product\/amlou-aux-amandes-miel-et-huile-dargan\/#primaryimage\",\"url\":\"https:\/\/zizouit.com\/wp-content\/uploads\/2025\/06\/WhatsApp-Image-2025-06-23-at-1.29.04-PM-scaled.jpeg\",\"contentUrl\":\"https:\/\/zizouit.com\/wp-content\/uploads\/2025\/06\/WhatsApp-Image-2025-06-23-at-1.29.04-PM-scaled.jpeg\",\"width\":2183,\"height\":2560},{\"@type\":\"BreadcrumbList\",\"@id\":\"https:\/\/zizouit.com\/product\/amlou-aux-amandes-miel-et-huile-dargan\/#breadcrumb\",\"itemListElement\":[{\"@type\":\"ListItem\",\"position\":1,\"name\":\"Accueil\",\"item\":\"https:\/\/zizouit.com\/fr_fr\/\"},{\"@type\":\"ListItem\",\"position\":2,\"name\":\"Shop\",\"item\":\"https:\/\/zizouit.com\/shop\/\"},{\"@type\":\"ListItem\",\"position\":3,\"name\":\"Amlou aux amandes, miel et huile d\u2019argan\"}]},{\"@type\":\"WebSite\",\"@id\":\"https:\/\/zizouit.com\/#website\",\"url\":\"https:\/\/zizouit.com\/\",\"name\":\"\",\"description\":\"Zizouit\",\"potentialAction\":[{\"@type\":\"SearchAction\",\"target\":{\"@type\":\"EntryPoint\",\"urlTemplate\":\"https:\/\/zizouit.com\/?s={search_term_string}\"},\"query-input\":{\"@type\":\"PropertyValueSpecification\",\"valueRequired\":true,\"valueName\":\"search_term_string\"}}],\"inLanguage\":\"ary\"}]}<\/script>\n<!-- \/ Yoast SEO plugin. -->","yoast_head_json":{"title":"Amlou aux amandes, miel et huile d\u2019argan -","robots":{"index":"index","follow":"follow","max-snippet":"max-snippet:-1","max-image-preview":"max-image-preview:large","max-video-preview":"max-video-preview:-1"},"canonical":"https:\/\/zizouit.com\/ar\/product\/amlou-aux-amandes-miel-et-huile-dargan\/","og_locale":"ar_AR","og_type":"article","og_title":"Amlou aux amandes, miel et huile d\u2019argan -","og_description":"Amlou aux amandes, miel pur et huile d\u2019argan 100% naturel \u2013 Coop\u00e9rative ZIZOUIT L\u2019Amlou ZIZOUIT est une recette traditionnelle marocaine r\u00e9put\u00e9e, qui r\u00e9unit trois puissants ingr\u00e9dients naturels : des amandes locales, du miel pur et de l\u2019huile d\u2019argan vierge. Pr\u00e9par\u00e9 avec soin, il vous offre \u00e9nergie, nutrition et une saveur exquise irr\u00e9sistible. \ud83e\uddea Ingr\u00e9dients naturels :\u2714 Amandes grill\u00e9es et finement moulues\u2714 Miel naturel 100% pur\u2714 Huile d\u2019argan alimentaire extra vierge \ud83d\udc9a Des bienfaits exceptionnels pour votre sant\u00e9\u00a0:\u2714 Excellente source d\u2019\u00e9nergie et de prot\u00e9ines saines\u2714 Bon pour le c\u0153ur gr\u00e2ce aux bonnes graisses de l\u2019amande et de l\u2019argan\u2714 Aide \u00e0 la sati\u00e9t\u00e9 et soutient un mode de vie \u00e9quilibr\u00e9\u2714 Am\u00e9liore la concentration et la vitalit\u00e9 mentale\u2714 Parfait pour un petit-d\u00e9jeuner marocain nutritif ou une collation saine\u2714 Renforce le syst\u00e8me immunitaire et nourrit le corps en \u00e9l\u00e9ments essentiels \u00a0Conseils d\u2019utilisation :\u2022 \u00c0 la cuill\u00e8re, directement\u2022 \u00c0 tartiner sur du pain, msemen ou baghrir\u2022 \u00c0 m\u00e9langer avec du yaourt ou des flocons d\u2019avoine pour un petit-d\u00e9jeuner sain \u2705Pourquoi choisir l\u2019Amlou de ZIZOUIT ?\ud83d\udd38 Produit 100% naturel et fabriqu\u00e9 au Maroc\ud83d\udd38 Certifi\u00e9 et autoris\u00e9 par l\u2019ONSSA\ud83d\udd38 Riche en nutriments, Texture onctueuse et go\u00fbt raffin\u00e9\ud83d\udd38 Convient aux adultes, enfants, sportifs et amateurs de nourriture saine Formats et prix :     370g: 100DH  700 : 180 DH  \ud83d\udce6 R\u00e9ductions disponibles pour les commandes en gros \u2013 Contactez-nous d\u00e8s maintenant !","og_url":"https:\/\/zizouit.com\/ar\/product\/amlou-aux-amandes-miel-et-huile-dargan\/","article_modified_time":"2026-03-15T14:23:18+00:00","og_image":[{"width":2183,"height":2560,"url":"https:\/\/zizouit.com\/wp-content\/uploads\/2025\/06\/WhatsApp-Image-2025-06-23-at-1.29.04-PM-scaled.jpeg","type":"image\/jpeg"}],"twitter_card":"summary_large_image","twitter_misc":{"Est. reading time":"1 minute"},"schema":{"@context":"https:\/\/schema.org","@graph":[{"@type":"WebPage","@id":"https:\/\/zizouit.com\/product\/amlou-aux-amandes-miel-et-huile-dargan\/","url":"https:\/\/zizouit.com\/product\/amlou-aux-amandes-miel-et-huile-dargan\/","name":"Amlou aux amandes, miel et huile d\u2019argan -","isPartOf":{"@id":"https:\/\/zizouit.com\/#website"},"primaryImageOfPage":{"@id":"https:\/\/zizouit.com\/product\/amlou-aux-amandes-miel-et-huile-dargan\/#primaryimage"},"image":{"@id":"https:\/\/zizouit.com\/product\/amlou-aux-amandes-miel-et-huile-dargan\/#primaryimage"},"thumbnailUrl":"https:\/\/zizouit.com\/wp-content\/uploads\/2025\/06\/WhatsApp-Image-2025-06-23-at-1.29.04-PM-scaled.jpeg","datePublished":"2025-06-23T22:37:08+00:00","dateModified":"2026-03-15T14:23:18+00:00","breadcrumb":{"@id":"https:\/\/zizouit.com\/product\/amlou-aux-amandes-miel-et-huile-dargan\/#breadcrumb"},"inLanguage":"ary","potentialAction":[{"@type":"ReadAction","target":["https:\/\/zizouit.com\/product\/amlou-aux-amandes-miel-et-huile-dargan\/"]}]},{"@type":"ImageObject","inLanguage":"ary","@id":"https:\/\/zizouit.com\/product\/amlou-aux-amandes-miel-et-huile-dargan\/#primaryimage","url":"https:\/\/zizouit.com\/wp-content\/uploads\/2025\/06\/WhatsApp-Image-2025-06-23-at-1.29.04-PM-scaled.jpeg","contentUrl":"https:\/\/zizouit.com\/wp-content\/uploads\/2025\/06\/WhatsApp-Image-2025-06-23-at-1.29.04-PM-scaled.jpeg","width":2183,"height":2560},{"@type":"BreadcrumbList","@id":"https:\/\/zizouit.com\/product\/amlou-aux-amandes-miel-et-huile-dargan\/#breadcrumb","itemListElement":[{"@type":"ListItem","position":1,"name":"Accueil","item":"https:\/\/zizouit.com\/fr_fr\/"},{"@type":"ListItem","position":2,"name":"Shop","item":"https:\/\/zizouit.com\/shop\/"},{"@type":"ListItem","position":3,"name":"Amlou aux amandes, miel et huile d\u2019argan"}]},{"@type":"WebSite","@id":"https:\/\/zizouit.com\/#website","url":"https:\/\/zizouit.com\/","name":"","description":"\u0632\u064a\u0632\u0648\u064a\u062a","potentialAction":[{"@type":"SearchAction","target":{"@type":"EntryPoint","urlTemplate":"https:\/\/zizouit.com\/?s={search_term_string}"},"query-input":{"@type":"PropertyValueSpecification","valueRequired":true,"valueName":"search_term_string"}}],"inLanguage":"ary"}]}},"_links":{"self":[{"href":"https:\/\/zizouit.com\/ar\/wp-json\/wp\/v2\/product\/2211","targetHints":{"allow":["GET"]}}],"collection":[{"href":"https:\/\/zizouit.com\/ar\/wp-json\/wp\/v2\/product"}],"about":[{"href":"https:\/\/zizouit.com\/ar\/wp-json\/wp\/v2\/types\/product"}],"replies":[{"embeddable":true,"href":"https:\/\/zizouit.com\/ar\/wp-json\/wp\/v2\/comments?post=2211"}],"wp:featuredmedia":[{"embeddable":true,"href":"https:\/\/zizouit.com\/ar\/wp-json\/wp\/v2\/media\/2216"}],"wp:attachment":[{"href":"https:\/\/zizouit.com\/ar\/wp-json\/wp\/v2\/media?parent=2211"}],"wp:term":[{"taxonomy":"product_brand","embeddable":true,"href":"https:\/\/zizouit.com\/ar\/wp-json\/wp\/v2\/product_brand?post=2211"},{"taxonomy":"product_cat","embeddable":true,"href":"https:\/\/zizouit.com\/ar\/wp-json\/wp\/v2\/product_cat?post=2211"},{"taxonomy":"product_tag","embeddable":true,"href":"https:\/\/zizouit.com\/ar\/wp-json\/wp\/v2\/product_tag?post=2211"}],"curies":[{"name":"wp","href":"https:\/\/api.w.org\/{rel}","templated":true}]}}