{"id":2083,"date":"2025-06-17T16:59:52","date_gmt":"2025-06-17T16:59:52","guid":{"rendered":"https:\/\/zizouit.com\/?post_type=product&#038;p=2083"},"modified":"2025-06-17T19:47:01","modified_gmt":"2025-06-17T19:47:01","slug":"miel-avec-gelee-royale-pure","status":"publish","type":"product","link":"https:\/\/zizouit.com\/ar\/product\/miel-avec-gelee-royale-pure\/","title":{"rendered":"\u0627\u0644\u0639\u0633\u0644 \u0628\u063a\u0630\u0627\u0621 \u0627\u0644\u0645\u0644\u0643\u0627\u062a"},"content":{"rendered":"<h6>\ud83d\ude9a <strong data-start=\"1590\" data-end=\"1620\">\u0627\u0644\u062a\u0648\u0635\u064a\u0644 \u0645\u062a\u0627\u062d \u0641\u064a \u062c\u0645\u064a\u0639 \u0623\u0646\u062d\u0627\u0621 \u0627\u0644\u0645\u063a\u0631\u0628<\/strong> :<\/h6>\n<p data-start=\"419\" data-end=\"486\">\u2705 \u062a\u0648\u0635\u064a\u0644 \u0633\u0631\u064a\u0639 \u0625\u0644\u0649 \u0628\u0627\u0628 \u0627\u0644\u0645\u0646\u0632\u0644: \u0627\u0644\u062f\u0627\u0631 \u0627\u0644\u0628\u064a\u0636\u0627\u0621\u060c \u0627\u0644\u0631\u0628\u0627\u0637\u060c \u0645\u0631\u0627\u0643\u0634\u060c \u0637\u0646\u062c\u0629\u060c \u0641\u0627\u0633\u060c \u0623\u0643\u0627\u062f\u064a\u0631\u2026<br data-start=\"1707\" data-end=\"1710\" \/>\ud83d\udcb5 \u0627\u0644\u062f\u0641\u0639 \u0639\u0646\u062f \u0627\u0644\u0627\u0633\u062a\u0644\u0627\u0645 \u2013 \u0622\u0645\u0646 \u0648\u0645\u0631\u064a\u062d<br data-start=\"1759\" data-end=\"1762\" \/>\u2b50 \u0645\u0626\u0627\u062a \u0627\u0644\u0632\u0628\u0646\u0627\u0621 \u0627\u0644\u0631\u0627\u0636\u064a\u0646 \u0641\u064a \u062c\u0645\u064a\u0639 \u0623\u0646\u062d\u0627\u0621 \u0627\u0644\u0645\u0645\u0644\u0643\u0629<br data-start=\"1820\" data-end=\"1823\" \/>\u23f3 \u0627\u0644\u0643\u0645\u064a\u0629 \u0645\u062d\u062f\u0648\u062f\u0629 \u2013 \u0633\u0627\u0631\u0639 \u0628\u0627\u0644\u0637\u0644\u0628 \u0642\u0628\u0644 \u0646\u0641\u0627\u062f \u0627\u0644\u0645\u062e\u0632\u0648\u0646 !<\/p>\n<p data-start=\"1895\" data-end=\"2018\">\ud83d\udc49 <strong data-start=\"1898\" data-end=\"2018\">\ud83d\udc49 \u0627\u0636\u063a\u0637 \u0627\u0644\u0622\u0646 \u0648\u0627\u0637\u0644\u0628 \u0639\u0633\u0644\u064e\u0643  \u0627\u0644\u0623\u0635\u0644\u064a \u0645\u0646 \u0632\u064a\u0632\u0648\u064a\u062a \u0628\u0643\u0644 \u062b\u0642\u0629 !<\/strong><\/p>\n<p>&nbsp;<\/p>","protected":false},"excerpt":{"rendered":"<h5>\u0627\u0644\u0639\u0633\u0644 \u0628\u063a\u0630\u0627\u0621 \u0627\u0644\u0645\u0644\u0643\u0627\u062a \u0637\u0628\u064a\u0639\u064a 100% \u2013 \u0645\u0646 \u062a\u0639\u0627\u0648\u0646\u064a\u0629 \u0632\u064a\u0632\u0648\u064a\u062a<\/h5>\n<p>\u0645\u0632\u064a\u062c \u0637\u0628\u064a\u0639\u064a \u0641\u0627\u062e\u0631 \u064a\u062c\u0645\u0639 \u0628\u064a\u0646 \u063a\u0630\u0627\u0621 \u0627\u0644\u0645\u0644\u0643\u0627\u062a \u0627\u0644\u0646\u0642\u064a \u0648\u0633\u0628\u0639\u0629 \u0623\u0646\u0648\u0627\u0639 \u0645\u062e\u062a\u0627\u0631\u0629 \u0645\u0646 \u0627\u0644\u0639\u0633\u0644 \u0627\u0644\u0637\u0628\u064a\u0639\u064a\u060c \u0644\u062a\u0645\u0646\u062d \u062c\u0633\u0645\u0643 \u0637\u0627\u0642\u0629 \u0648\u062d\u064a\u0648\u064a\u0629 \u0645\u0630\u0647\u0644\u0629\u060c \u0648\u062a\u062f\u0639\u0645 \u0635\u062d\u062a\u0643 \u0627\u0644\u0639\u0627\u0645\u0629 \u0648\u0627\u0644\u0645\u0646\u0627\u0639\u0629 \u0628\u0634\u0643\u0644 \u0637\u0628\u064a\u0639\u064a \u0648\u0641\u0639\u0651\u0627\u0644.<\/p>\n<p>\ud83d\udc9a <strong data-start=\"510\" data-end=\"558\">\u0641\u0648\u0627\u0626\u062f \u0645\u0630\u0647\u0644\u0629 \u0644\u0635\u062d\u062a\u0643<\/strong><strong data-start=\"723\" data-end=\"768\">\u00a0:<\/strong><br data-start=\"768\" data-end=\"771\" \/>\u2714 \u064a\u064f\u0639\u0632\u0632 \u0627\u0644\u0637\u0627\u0642\u0629 \u0648\u0627\u0644\u0646\u0634\u0627\u0637 \u0648\u064a\u064f\u0642\u0627\u0648\u0645 \u0627\u0644\u062a\u0639\u0628 \u0648\u0627\u0644\u0625\u0631\u0647\u0627\u0642<br data-start=\"601\" data-end=\"604\" \/>\u2714 \u064a\u064f\u0642\u0648\u064a \u0627\u0644\u062c\u0647\u0627\u0632 \u0627\u0644\u0645\u0646\u0627\u0639\u064a \u0648\u064a\u0633\u0627\u0639\u062f \u0641\u064a \u0627\u0644\u0648\u0642\u0627\u064a\u0629 \u0645\u0646 \u0627\u0644\u0623\u0645\u0631\u0627\u0636<br data-start=\"669\" data-end=\"672\" \/>\u2714 \u064a\u064f\u062d\u0633\u0646 \u0627\u0644\u062a\u0631\u0643\u064a\u0632 \u0648\u0627\u0644\u0630\u0627\u0643\u0631\u0629 \u0648\u0627\u0644\u0648\u0638\u0627\u0626\u0641 \u0627\u0644\u0639\u0635\u0628\u064a\u0629<br data-start=\"738\" data-end=\"741\" \/>\u2714 \u064a\u062f\u0639\u0645 \u0627\u0644\u062e\u0635\u0648\u0628\u0629 \u0648\u0627\u0644\u062a\u0648\u0627\u0632\u0646 \u0627\u0644\u0647\u0631\u0645\u0648\u0646\u064a<br data-start=\"788\" data-end=\"791\" \/>\u2714 \u064a\u064f\u0633\u0627\u0647\u0645 \u0641\u064a \u062a\u062c\u062f\u064a\u062f \u0627\u0644\u062e\u0644\u0627\u064a\u0627 \u0648\u062a\u062d\u0633\u064a\u0646 \u0635\u062d\u0629 \u0627\u0644\u0628\u0634\u0631\u0629 \u0648\u0627\u0644\u0634\u0639\u0631<\/p>\n<p><strong>\u2705 \u0644\u0645\u0627\u0630\u0627 \u062a\u062b\u0642 \u0641\u064a \u0639\u0633\u0644 \u0632\u064a\u0632\u0648\u064a\u062a\u061f<\/strong><br data-start=\"1163\" data-end=\"1166\" \/>\ud83d\udd38 \u0645\u0632\u064a\u062c \u0637\u0628\u064a\u0639\u064a 100% \u0646\u0642\u064a \u0648\u062e\u0627\u0645<br data-start=\"998\" data-end=\"1001\" \/>\ud83d\udd38 \u0645\u0631\u062e\u0635 \u0645\u0646 ONSSA<br data-start=\"1028\" data-end=\"1031\" \/>\ud83d\udd38 \u062e\u0627\u0644\u064d \u0645\u0646 \u0623\u064a \u0625\u0636\u0627\u0641\u0627\u062a \u0623\u0648 \u0645\u0648\u0627\u062f \u062d\u0627\u0641\u0638\u0629 \u0623\u0648 \u0633\u0643\u0631 \u0635\u0646\u0627\u0639\u064a<br data-start=\"1064\" data-end=\"1067\" \/>\ud83d\udd38 \u0645\u062e\u062a\u0628\u0631 \u0648\u0645\u0639\u0628\u0623 \u0628\u0639\u0646\u0627\u064a\u0629 \u0641\u064a \u062a\u0639\u0627\u0648\u0646\u064a\u0629 \u0645\u0639\u062a\u0645\u062f\u0629<br data-start=\"1137\" data-end=\"1140\" \/>\ud83d\udd38 \u0641\u0639\u0627\u0644\u064a\u0629 \u0639\u0644\u0627\u062c\u064a\u0629 \u0639\u0627\u0644\u064a\u0629 \u0648\u0646\u0643\u0647\u0629 \u0645\u0645\u064a\u0632\u0629<\/p>\n<p><strong data-start=\"942\" data-end=\"959\">\u0645\u0643\u0648\u0651\u0646 \u0645\u0646 :<\/strong> \u0623\u0646\u0648\u0627\u0639 \u0645\u0646 \u0627\u0644\u0639\u0633\u0644 \u0627\u0644\u0637\u0628\u064a\u0639\u064a \u0627\u0644\u0645\u0645\u062a\u0627\u0632 + \u063a\u0630\u0627\u0621 \u0627\u0644\u0645\u0644\u0643\u0627\u062a \u0627\u0644\u062e\u0627\u0645<\/p>\n<p data-start=\"658\" data-end=\"685\"><strong data-start=\"662\" data-end=\"683\">\u0627\u0644\u0623\u062d\u062c\u0627\u0645 \u0648\u0627\u0644\u0623\u0633\u0639\u0627\u0631 :<\/strong><\/p>\n<ul>\n<li data-start=\"658\" data-end=\"685\"><img decoding=\"async\" class=\"emoji\" role=\"img\" draggable=\"false\" src=\"https:\/\/s.w.org\/images\/core\/emoji\/15.1.0\/svg\/1f7e4.svg\" alt=\"\ud83d\udfe4\" \/> 500g : 250 DH<\/li>\n<\/ul>\n<p>\ud83d\udce6 \u062a\u062e\u0641\u064a\u0636\u0627\u062a \u0644\u0644\u0637\u0644\u0628\u0627\u062a \u0628\u0627\u0644\u062c\u0645\u0644\u0629 \u2013 \u0631\u0627\u0633\u0644\u0646\u0627 \u0627\u0644\u0622\u0646!<\/p>","protected":false},"featured_media":2085,"comment_status":"open","ping_status":"closed","template":"","meta":{"site-sidebar-layout":"default","site-content-layout":"","ast-site-content-layout":"default","site-content-style":"default","site-sidebar-style":"default","ast-global-header-display":"","ast-banner-title-visibility":"","ast-main-header-display":"","ast-hfb-above-header-display":"","ast-hfb-below-header-display":"","ast-hfb-mobile-header-display":"","site-post-title":"","ast-breadcrumbs-content":"","ast-featured-img":"","footer-sml-layout":"","ast-disable-related-posts":"","theme-transparent-header-meta":"default","adv-header-id-meta":"","stick-header-meta":"","header-above-stick-meta":"","header-main-stick-meta":"","header-below-stick-meta":"","astra-migrate-meta-layouts":"set","ast-page-background-enabled":"default","ast-page-background-meta":{"desktop":{"background-color":"","background-image":"","background-repeat":"repeat","background-position":"center center","background-size":"auto","background-attachment":"scroll","background-type":"","background-media":"","overlay-type":"","overlay-color":"","overlay-opacity":"","overlay-gradient":""},"tablet":{"background-color":"","background-image":"","background-repeat":"repeat","background-position":"center center","background-size":"auto","background-attachment":"scroll","background-type":"","background-media":"","overlay-type":"","overlay-color":"","overlay-opacity":"","overlay-gradient":""},"mobile":{"background-color":"","background-image":"","background-repeat":"repeat","background-position":"center center","background-size":"auto","background-attachment":"scroll","background-type":"","background-media":"","overlay-type":"","overlay-color":"","overlay-opacity":"","overlay-gradient":""}},"ast-content-background-meta":{"desktop":{"background-color":"var(--ast-global-color-5)","background-image":"","background-repeat":"repeat","background-position":"center center","background-size":"auto","background-attachment":"scroll","background-type":"","background-media":"","overlay-type":"","overlay-color":"","overlay-opacity":"","overlay-gradient":""},"tablet":{"background-color":"var(--ast-global-color-5)","background-image":"","background-repeat":"repeat","background-position":"center center","background-size":"auto","background-attachment":"scroll","background-type":"","background-media":"","overlay-type":"","overlay-color":"","overlay-opacity":"","overlay-gradient":""},"mobile":{"background-color":"var(--ast-global-color-5)","background-image":"","background-repeat":"repeat","background-position":"center center","background-size":"auto","background-attachment":"scroll","background-type":"","background-media":"","overlay-type":"","overlay-color":"","overlay-opacity":"","overlay-gradient":""}}},"product_brand":[],"product_cat":[61],"product_tag":[],"class_list":{"0":"post-2083","1":"product","2":"type-product","3":"status-publish","4":"has-post-thumbnail","6":"product_cat-produits-de-la-ruche","7":"desktop-align-left","8":"tablet-align-left","9":"mobile-align-left","11":"first","12":"instock","13":"shipping-taxable","14":"purchasable","15":"product-type-variable"},"yoast_head":"<!-- This site is optimized with the Yoast SEO plugin v27.1.1 - https:\/\/yoast.com\/product\/yoast-seo-wordpress\/ -->\n<title>Miel avec gel\u00e9e royale pure -<\/title>\n<meta name=\"robots\" content=\"index, follow, max-snippet:-1, max-image-preview:large, max-video-preview:-1\" \/>\n<link rel=\"canonical\" href=\"https:\/\/zizouit.com\/ar\/product\/miel-avec-gelee-royale-pure\/\" \/>\n<meta property=\"og:locale\" content=\"ar_AR\" \/>\n<meta property=\"og:type\" content=\"article\" \/>\n<meta property=\"og:title\" content=\"Miel avec gel\u00e9e royale pure -\" \/>\n<meta property=\"og:description\" content=\"Miel avec Gel\u00e9e Royale 100% Naturel \u2013 Coop\u00e9rative ZIZOUIT D\u00e9couvrez un m\u00e9lange naturel luxueux associant gel\u00e9e royale brute et 7 vari\u00e9t\u00e9s s\u00e9lectionn\u00e9es de miel pur, pour revitaliser votre corps, booster votre \u00e9nergie et renforcer naturellement votre sant\u00e9 et immunit\u00e9.  \ud83d\udc9a Des bienfaits exceptionnels pour votre sant\u00e9\u00a0:\u2714 Stimule l\u2019\u00e9nergie et combat la fatigue\u2714 Renforce le syst\u00e8me immunitaire et aide \u00e0 pr\u00e9venir les maladies\u2714 Am\u00e9liore la m\u00e9moire, la concentration et les fonctions nerveuses\u2714 Soutient la fertilit\u00e9 et l\u2019\u00e9quilibre hormonal\u2714 Favorise la r\u00e9g\u00e9n\u00e9ration cellulaire, embellit la peau et renforce les cheveux  \u2705Pourquoi choisir le miel ZIZOUIT ?\ud83d\udd38 M\u00e9lange 100% pur et brut\ud83d\udd38 Certifi\u00e9 par l\u2019ONSSA\ud83d\udd38 Sans additifs, sans conservateurs, sans sucres ajout\u00e9s\ud83d\udd38 Conditionn\u00e9 avec soin dans une coop\u00e9rative artisanale marocaine\ud83d\udd38 Excellente efficacit\u00e9 th\u00e9rapeutique et go\u00fbt raffin\u00e9  Ingr\u00e9dients : 7 miels naturels de qualit\u00e9 sup\u00e9rieure + gel\u00e9e royale pure Formats et prix :     500g : 250 DH  \ud83d\udce6 R\u00e9ductions disponibles pour les commandes en gros \u2013 Contactez-nous d\u00e8s maintenant !\" \/>\n<meta property=\"og:url\" content=\"https:\/\/zizouit.com\/ar\/product\/miel-avec-gelee-royale-pure\/\" \/>\n<meta property=\"article:modified_time\" content=\"2025-06-17T19:47:01+00:00\" \/>\n<meta name=\"twitter:card\" content=\"summary_large_image\" \/>\n<meta name=\"twitter:label1\" content=\"Est. reading time\" \/>\n\t<meta name=\"twitter:data1\" content=\"1 minute\" \/>\n<script type=\"application\/ld+json\" class=\"yoast-schema-graph\">{\"@context\":\"https:\/\/schema.org\",\"@graph\":[{\"@type\":\"WebPage\",\"@id\":\"https:\/\/zizouit.com\/product\/miel-avec-gelee-royale-pure\/\",\"url\":\"https:\/\/zizouit.com\/product\/miel-avec-gelee-royale-pure\/\",\"name\":\"Miel avec gel\u00e9e royale pure -\",\"isPartOf\":{\"@id\":\"https:\/\/zizouit.com\/#website\"},\"primaryImageOfPage\":{\"@id\":\"https:\/\/zizouit.com\/product\/miel-avec-gelee-royale-pure\/#primaryimage\"},\"image\":{\"@id\":\"https:\/\/zizouit.com\/product\/miel-avec-gelee-royale-pure\/#primaryimage\"},\"thumbnailUrl\":\"https:\/\/zizouit.com\/wp-content\/uploads\/2025\/06\/IMG_8511-scaled.jpg\",\"datePublished\":\"2025-06-17T16:59:52+00:00\",\"dateModified\":\"2025-06-17T19:47:01+00:00\",\"breadcrumb\":{\"@id\":\"https:\/\/zizouit.com\/product\/miel-avec-gelee-royale-pure\/#breadcrumb\"},\"inLanguage\":\"ary\",\"potentialAction\":[{\"@type\":\"ReadAction\",\"target\":[\"https:\/\/zizouit.com\/product\/miel-avec-gelee-royale-pure\/\"]}]},{\"@type\":\"ImageObject\",\"inLanguage\":\"ary\",\"@id\":\"https:\/\/zizouit.com\/product\/miel-avec-gelee-royale-pure\/#primaryimage\",\"url\":\"https:\/\/zizouit.com\/wp-content\/uploads\/2025\/06\/IMG_8511-scaled.jpg\",\"contentUrl\":\"https:\/\/zizouit.com\/wp-content\/uploads\/2025\/06\/IMG_8511-scaled.jpg\",\"width\":1440,\"height\":2560},{\"@type\":\"BreadcrumbList\",\"@id\":\"https:\/\/zizouit.com\/product\/miel-avec-gelee-royale-pure\/#breadcrumb\",\"itemListElement\":[{\"@type\":\"ListItem\",\"position\":1,\"name\":\"Accueil\",\"item\":\"https:\/\/zizouit.com\/fr_fr\/\"},{\"@type\":\"ListItem\",\"position\":2,\"name\":\"Shop\",\"item\":\"https:\/\/zizouit.com\/shop\/\"},{\"@type\":\"ListItem\",\"position\":3,\"name\":\"Miel avec gel\u00e9e royale pure\"}]},{\"@type\":\"WebSite\",\"@id\":\"https:\/\/zizouit.com\/#website\",\"url\":\"https:\/\/zizouit.com\/\",\"name\":\"\",\"description\":\"Zizouit\",\"potentialAction\":[{\"@type\":\"SearchAction\",\"target\":{\"@type\":\"EntryPoint\",\"urlTemplate\":\"https:\/\/zizouit.com\/?s={search_term_string}\"},\"query-input\":{\"@type\":\"PropertyValueSpecification\",\"valueRequired\":true,\"valueName\":\"search_term_string\"}}],\"inLanguage\":\"ary\"}]}<\/script>\n<!-- \/ Yoast SEO plugin. -->","yoast_head_json":{"title":"Miel avec gel\u00e9e royale pure -","robots":{"index":"index","follow":"follow","max-snippet":"max-snippet:-1","max-image-preview":"max-image-preview:large","max-video-preview":"max-video-preview:-1"},"canonical":"https:\/\/zizouit.com\/ar\/product\/miel-avec-gelee-royale-pure\/","og_locale":"ar_AR","og_type":"article","og_title":"Miel avec gel\u00e9e royale pure -","og_description":"Miel avec Gel\u00e9e Royale 100% Naturel \u2013 Coop\u00e9rative ZIZOUIT D\u00e9couvrez un m\u00e9lange naturel luxueux associant gel\u00e9e royale brute et 7 vari\u00e9t\u00e9s s\u00e9lectionn\u00e9es de miel pur, pour revitaliser votre corps, booster votre \u00e9nergie et renforcer naturellement votre sant\u00e9 et immunit\u00e9.  \ud83d\udc9a Des bienfaits exceptionnels pour votre sant\u00e9\u00a0:\u2714 Stimule l\u2019\u00e9nergie et combat la fatigue\u2714 Renforce le syst\u00e8me immunitaire et aide \u00e0 pr\u00e9venir les maladies\u2714 Am\u00e9liore la m\u00e9moire, la concentration et les fonctions nerveuses\u2714 Soutient la fertilit\u00e9 et l\u2019\u00e9quilibre hormonal\u2714 Favorise la r\u00e9g\u00e9n\u00e9ration cellulaire, embellit la peau et renforce les cheveux  \u2705Pourquoi choisir le miel ZIZOUIT ?\ud83d\udd38 M\u00e9lange 100% pur et brut\ud83d\udd38 Certifi\u00e9 par l\u2019ONSSA\ud83d\udd38 Sans additifs, sans conservateurs, sans sucres ajout\u00e9s\ud83d\udd38 Conditionn\u00e9 avec soin dans une coop\u00e9rative artisanale marocaine\ud83d\udd38 Excellente efficacit\u00e9 th\u00e9rapeutique et go\u00fbt raffin\u00e9  Ingr\u00e9dients : 7 miels naturels de qualit\u00e9 sup\u00e9rieure + gel\u00e9e royale pure Formats et prix :     500g : 250 DH  \ud83d\udce6 R\u00e9ductions disponibles pour les commandes en gros \u2013 Contactez-nous d\u00e8s maintenant !","og_url":"https:\/\/zizouit.com\/ar\/product\/miel-avec-gelee-royale-pure\/","article_modified_time":"2025-06-17T19:47:01+00:00","twitter_card":"summary_large_image","twitter_misc":{"Est. reading time":"1 minute"},"schema":{"@context":"https:\/\/schema.org","@graph":[{"@type":"WebPage","@id":"https:\/\/zizouit.com\/product\/miel-avec-gelee-royale-pure\/","url":"https:\/\/zizouit.com\/product\/miel-avec-gelee-royale-pure\/","name":"Miel avec gel\u00e9e royale pure -","isPartOf":{"@id":"https:\/\/zizouit.com\/#website"},"primaryImageOfPage":{"@id":"https:\/\/zizouit.com\/product\/miel-avec-gelee-royale-pure\/#primaryimage"},"image":{"@id":"https:\/\/zizouit.com\/product\/miel-avec-gelee-royale-pure\/#primaryimage"},"thumbnailUrl":"https:\/\/zizouit.com\/wp-content\/uploads\/2025\/06\/IMG_8511-scaled.jpg","datePublished":"2025-06-17T16:59:52+00:00","dateModified":"2025-06-17T19:47:01+00:00","breadcrumb":{"@id":"https:\/\/zizouit.com\/product\/miel-avec-gelee-royale-pure\/#breadcrumb"},"inLanguage":"ary","potentialAction":[{"@type":"ReadAction","target":["https:\/\/zizouit.com\/product\/miel-avec-gelee-royale-pure\/"]}]},{"@type":"ImageObject","inLanguage":"ary","@id":"https:\/\/zizouit.com\/product\/miel-avec-gelee-royale-pure\/#primaryimage","url":"https:\/\/zizouit.com\/wp-content\/uploads\/2025\/06\/IMG_8511-scaled.jpg","contentUrl":"https:\/\/zizouit.com\/wp-content\/uploads\/2025\/06\/IMG_8511-scaled.jpg","width":1440,"height":2560},{"@type":"BreadcrumbList","@id":"https:\/\/zizouit.com\/product\/miel-avec-gelee-royale-pure\/#breadcrumb","itemListElement":[{"@type":"ListItem","position":1,"name":"Accueil","item":"https:\/\/zizouit.com\/fr_fr\/"},{"@type":"ListItem","position":2,"name":"Shop","item":"https:\/\/zizouit.com\/shop\/"},{"@type":"ListItem","position":3,"name":"Miel avec gel\u00e9e royale pure"}]},{"@type":"WebSite","@id":"https:\/\/zizouit.com\/#website","url":"https:\/\/zizouit.com\/","name":"","description":"\u0632\u064a\u0632\u0648\u064a\u062a","potentialAction":[{"@type":"SearchAction","target":{"@type":"EntryPoint","urlTemplate":"https:\/\/zizouit.com\/?s={search_term_string}"},"query-input":{"@type":"PropertyValueSpecification","valueRequired":true,"valueName":"search_term_string"}}],"inLanguage":"ary"}]}},"_links":{"self":[{"href":"https:\/\/zizouit.com\/ar\/wp-json\/wp\/v2\/product\/2083","targetHints":{"allow":["GET"]}}],"collection":[{"href":"https:\/\/zizouit.com\/ar\/wp-json\/wp\/v2\/product"}],"about":[{"href":"https:\/\/zizouit.com\/ar\/wp-json\/wp\/v2\/types\/product"}],"replies":[{"embeddable":true,"href":"https:\/\/zizouit.com\/ar\/wp-json\/wp\/v2\/comments?post=2083"}],"wp:featuredmedia":[{"embeddable":true,"href":"https:\/\/zizouit.com\/ar\/wp-json\/wp\/v2\/media\/2085"}],"wp:attachment":[{"href":"https:\/\/zizouit.com\/ar\/wp-json\/wp\/v2\/media?parent=2083"}],"wp:term":[{"taxonomy":"product_brand","embeddable":true,"href":"https:\/\/zizouit.com\/ar\/wp-json\/wp\/v2\/product_brand?post=2083"},{"taxonomy":"product_cat","embeddable":true,"href":"https:\/\/zizouit.com\/ar\/wp-json\/wp\/v2\/product_cat?post=2083"},{"taxonomy":"product_tag","embeddable":true,"href":"https:\/\/zizouit.com\/ar\/wp-json\/wp\/v2\/product_tag?post=2083"}],"curies":[{"name":"wp","href":"https:\/\/api.w.org\/{rel}","templated":true}]}}