{"id":1817,"date":"2025-03-08T02:24:11","date_gmt":"2025-03-08T02:24:11","guid":{"rendered":"https:\/\/zizouit.com\/?post_type=product&#038;p=1817"},"modified":"2025-06-12T04:06:46","modified_gmt":"2025-06-12T04:06:46","slug":"miel-de-thym-du-sud","status":"publish","type":"product","link":"https:\/\/zizouit.com\/ar\/product\/miel-de-thym-du-sud\/","title":{"rendered":"\u0639\u0633\u0644 \u0632\u0639\u062a\u0631 \u0627\u0644\u062c\u0646\u0648\u0628"},"content":{"rendered":"<h6>\ud83d\ude9a <strong data-start=\"1590\" data-end=\"1620\">\u0627\u0644\u062a\u0648\u0635\u064a\u0644 \u0645\u062a\u0627\u062d \u0641\u064a \u062c\u0645\u064a\u0639 \u0623\u0646\u062d\u0627\u0621 \u0627\u0644\u0645\u063a\u0631\u0628<\/strong> :<\/h6>\n<p data-start=\"419\" data-end=\"486\">\u2705 \u062a\u0648\u0635\u064a\u0644 \u0633\u0631\u064a\u0639 \u0625\u0644\u0649 \u0628\u0627\u0628 \u0627\u0644\u0645\u0646\u0632\u0644: \u0627\u0644\u062f\u0627\u0631 \u0627\u0644\u0628\u064a\u0636\u0627\u0621\u060c \u0627\u0644\u0631\u0628\u0627\u0637\u060c \u0645\u0631\u0627\u0643\u0634\u060c \u0637\u0646\u062c\u0629\u060c \u0641\u0627\u0633\u060c \u0623\u0643\u0627\u062f\u064a\u0631\u2026<br data-start=\"1707\" data-end=\"1710\" \/>\ud83d\udcb5 \u0627\u0644\u062f\u0641\u0639 \u0639\u0646\u062f \u0627\u0644\u0627\u0633\u062a\u0644\u0627\u0645 \u2013 \u0622\u0645\u0646 \u0648\u0645\u0631\u064a\u062d<br data-start=\"1759\" data-end=\"1762\" \/>\u2b50 \u0645\u0626\u0627\u062a \u0627\u0644\u0632\u0628\u0646\u0627\u0621 \u0627\u0644\u0631\u0627\u0636\u064a\u0646 \u0641\u064a \u062c\u0645\u064a\u0639 \u0623\u0646\u062d\u0627\u0621 \u0627\u0644\u0645\u0645\u0644\u0643\u0629<br data-start=\"1820\" data-end=\"1823\" \/>\u23f3 \u0627\u0644\u0643\u0645\u064a\u0629 \u0645\u062d\u062f\u0648\u062f\u0629 \u2013 \u0633\u0627\u0631\u0639 \u0628\u0627\u0644\u0637\u0644\u0628 \u0642\u0628\u0644 \u0646\u0641\u0627\u062f \u0627\u0644\u0645\u062e\u0632\u0648\u0646 !<\/p>\n<p data-start=\"1895\" data-end=\"2018\">\ud83d\udc49 <strong data-start=\"1898\" data-end=\"2018\">\ud83d\udc49 \u0627\u0636\u063a\u0637 \u0627\u0644\u0622\u0646 \u0648\u0627\u0637\u0644\u0628 \u0639\u0633\u0644\u064e\u0643  \u0627\u0644\u0623\u0635\u0644\u064a \u0645\u0646 \u0632\u064a\u0632\u0648\u064a\u062a \u0628\u0643\u0644 \u062b\u0642\u0629 !<\/strong><\/p>","protected":false},"excerpt":{"rendered":"<h5>\u0639\u0633\u0644 \u0632\u0639\u062a\u0631 \u0627\u0644\u062c\u0646\u0648\u0628 \u0627\u0644\u0637\u0628\u064a\u0639\u064a 100% \u2013 \u0645\u0646 \u062a\u0639\u0627\u0648\u0646\u064a\u0629 \u0632\u064a\u0632\u0648\u064a\u062a<\/h5>\n<p>\u064a\u064f\u0633\u062a\u062e\u0644\u0635 \u0645\u0646 \u0645\u0631\u0627\u0639\u064a \u0627\u0644\u062c\u0646\u0648\u0628 \u0627\u0644\u0645\u063a\u0631\u0628\u064a \u0627\u0644\u0645\u0644\u064a\u0626\u0629 \u0628\u0623\u0632\u0647\u0627\u0631 \u0627\u0644\u0632\u0639\u062a\u0631 \u0627\u0644\u0628\u0631\u064a\u060c \u0648\u064a\u062a\u0645\u064a\u0632 \u0628\u0637\u0639\u0645\u0647 \u0627\u0644\u0642\u0648\u064a \u0648\u0631\u0627\u0626\u062d\u062a\u0647 \u0627\u0644\u0639\u0637\u0631\u064a\u0629\u060c \u0648\u0647\u0648 \u0639\u0633\u0644 \u0645\u062b\u0627\u0644\u064a \u0644\u0644\u0635\u062d\u0629 \u0648\u0627\u0644\u0645\u0646\u0627\u0639\u0629.<\/p>\n<p>\ud83d\udc9a <strong data-start=\"807\" data-end=\"838\">\u0641\u0648\u0627\u0626\u062f \u0645\u0630\u0647\u0644\u0629 \u0644\u0635\u062d\u062a\u0643:<\/strong><br data-start=\"838\" data-end=\"841\" \/>\u2714 \u064a\u0639\u0632\u0632 \u0627\u0644\u0645\u0646\u0627\u0639\u0629 \u0648\u064a\u064f\u0643\u0627\u0641\u062d \u0627\u0644\u0628\u0643\u062a\u064a\u0631\u064a\u0627<br data-start=\"911\" data-end=\"914\" \/>\u2714 \u0645\u0641\u064a\u062f \u0641\u064a \u0639\u0644\u0627\u062c \u0646\u0632\u0644\u0627\u062a \u0627\u0644\u0628\u0631\u062f \u0648\u0627\u0644\u062a\u0647\u0627\u0628 \u0627\u0644\u062d\u0644\u0642<br data-start=\"968\" data-end=\"971\" \/>\u2714 \u064a\u064f\u0633\u0627\u0639\u062f \u0639\u0644\u0649 \u062a\u062d\u0633\u064a\u0646 \u0627\u0644\u0647\u0636\u0645 \u0648\u062a\u0647\u062f\u0626\u0629 \u0627\u0644\u0645\u0639\u062f\u0629<br data-start=\"1026\" data-end=\"1029\" \/>\u2714 \u063a\u0646\u064a \u0628\u0645\u0636\u0627\u062f\u0627\u062a \u0627\u0644\u0623\u0643\u0633\u062f\u0629<\/p>\n<p><strong>\u2705 \u0644\u0645\u0627\u0630\u0627 \u062a\u062b\u0642 \u0641\u064a \u0639\u0633\u0644 \u0632\u064a\u0632\u0648\u064a\u062a\u061f<br data-start=\"888\" data-end=\"891\" \/><\/strong>\ud83d\udd38 \u0645\u0646\u062a\u062c \u0645\u062d\u0644\u064a \u0637\u0628\u064a\u0639\u064a 100%<br data-start=\"1343\" data-end=\"1346\" \/>\ud83d\udd38 \u0645\u0631\u062e\u0635 \u0645\u0646 ONSSA<br data-start=\"1397\" data-end=\"1400\" \/>\ud83d\udd38 \u062e\u0627\u0644\u064d \u062a\u0645\u0627\u0645\u064b\u0627 \u0645\u0646 \u0627\u0644\u0625\u0636\u0627\u0641\u0627\u062a \u0648\u0627\u0644\u0633\u0643\u0631 \u0627\u0644\u0635\u0646\u0627\u0639\u064a<br data-start=\"1454\" data-end=\"1457\" \/>\ud83d\udd38 \u0645\u062e\u062a\u0628\u0631 \u0648\u0645\u0639\u0628\u0623 \u0628\u0627\u062d\u062a\u0631\u0627\u0641 \u0641\u064a \u062a\u0639\u0627\u0648\u0646\u064a\u0629 \u0645\u0639\u062a\u0645\u062f\u0629<br data-start=\"1519\" data-end=\"1522\" \/>\ud83d\udd38 \u0646\u0643\u0647\u0629 \u0642\u0648\u064a\u0629 \u0648\u062e\u0635\u0627\u0626\u0635 \u0639\u0644\u0627\u062c\u064a\u0629 \u0623\u0635\u064a\u0644\u0629<strong><br \/>\n<\/strong><\/p>\n<p data-start=\"658\" data-end=\"685\"><strong data-start=\"662\" data-end=\"683\">\u0627\u0644\u0623\u062d\u062c\u0627\u0645 \u0648\u0627\u0644\u0623\u0633\u0639\u0627\u0631 :<\/strong><\/p>\n<ul>\n<li data-start=\"658\" data-end=\"685\"><img decoding=\"async\" class=\"emoji\" role=\"img\" draggable=\"false\" src=\"https:\/\/s.w.org\/images\/core\/emoji\/15.1.0\/svg\/1f7e4.svg\" alt=\"\ud83d\udfe4\" \/> 1kg : 400 DH<\/li>\n<li data-start=\"658\" data-end=\"685\"><img decoding=\"async\" class=\"emoji\" role=\"img\" draggable=\"false\" src=\"https:\/\/s.w.org\/images\/core\/emoji\/15.1.0\/svg\/1f7e0.svg\" alt=\"\ud83d\udfe0\" \/> 500g : 210 DH<\/li>\n<li data-start=\"658\" data-end=\"685\"><img decoding=\"async\" class=\"emoji\" role=\"img\" draggable=\"false\" src=\"https:\/\/s.w.org\/images\/core\/emoji\/15.1.0\/svg\/1f7e1.svg\" alt=\"\ud83d\udfe1\" \/> 250g : 110 DH<\/li>\n<\/ul>\n<p>\ud83d\udce6 \u062a\u062e\u0641\u064a\u0636\u0627\u062a \u0644\u0644\u0637\u0644\u0628\u0627\u062a \u0628\u0627\u0644\u062c\u0645\u0644\u0629 \u2013 \u0631\u0627\u0633\u0644\u0646\u0627 \u0627\u0644\u0622\u0646!<\/p>","protected":false},"featured_media":1931,"comment_status":"open","ping_status":"closed","template":"","meta":{"site-sidebar-layout":"default","site-content-layout":"","ast-site-content-layout":"default","site-content-style":"default","site-sidebar-style":"default","ast-global-header-display":"","ast-banner-title-visibility":"","ast-main-header-display":"","ast-hfb-above-header-display":"","ast-hfb-below-header-display":"","ast-hfb-mobile-header-display":"","site-post-title":"","ast-breadcrumbs-content":"","ast-featured-img":"","footer-sml-layout":"","ast-disable-related-posts":"","theme-transparent-header-meta":"default","adv-header-id-meta":"","stick-header-meta":"","header-above-stick-meta":"","header-main-stick-meta":"","header-below-stick-meta":"","astra-migrate-meta-layouts":"set","ast-page-background-enabled":"default","ast-page-background-meta":{"desktop":{"background-color":"","background-image":"","background-repeat":"repeat","background-position":"center center","background-size":"auto","background-attachment":"scroll","background-type":"","background-media":"","overlay-type":"","overlay-color":"","overlay-opacity":"","overlay-gradient":""},"tablet":{"background-color":"","background-image":"","background-repeat":"repeat","background-position":"center center","background-size":"auto","background-attachment":"scroll","background-type":"","background-media":"","overlay-type":"","overlay-color":"","overlay-opacity":"","overlay-gradient":""},"mobile":{"background-color":"","background-image":"","background-repeat":"repeat","background-position":"center center","background-size":"auto","background-attachment":"scroll","background-type":"","background-media":"","overlay-type":"","overlay-color":"","overlay-opacity":"","overlay-gradient":""}},"ast-content-background-meta":{"desktop":{"background-color":"var(--ast-global-color-5)","background-image":"","background-repeat":"repeat","background-position":"center center","background-size":"auto","background-attachment":"scroll","background-type":"","background-media":"","overlay-type":"","overlay-color":"","overlay-opacity":"","overlay-gradient":""},"tablet":{"background-color":"var(--ast-global-color-5)","background-image":"","background-repeat":"repeat","background-position":"center center","background-size":"auto","background-attachment":"scroll","background-type":"","background-media":"","overlay-type":"","overlay-color":"","overlay-opacity":"","overlay-gradient":""},"mobile":{"background-color":"var(--ast-global-color-5)","background-image":"","background-repeat":"repeat","background-position":"center center","background-size":"auto","background-attachment":"scroll","background-type":"","background-media":"","overlay-type":"","overlay-color":"","overlay-opacity":"","overlay-gradient":""}}},"product_brand":[],"product_cat":[30],"product_tag":[55,54,49,52,51,57,50,47,56,48,53,58,59,45,41,60,34,39,46,36,35,42,43,37,38,40,44],"class_list":{"0":"post-1817","1":"product","2":"type-product","3":"status-publish","4":"has-post-thumbnail","6":"product_cat-miel","7":"product_tag-miel-100-naturel","8":"product_tag-miel-artisanal","9":"product_tag-miel-bio","10":"product_tag-miel-de-montagne","11":"product_tag-miel-de-thym","12":"product_tag-miel-du-rif","13":"product_tag-miel-marocain","14":"product_tag-miel-naturel","15":"product_tag-miel-pour-la-toux","16":"product_tag-miel-pur","17":"product_tag-miel-sans-sucre","18":"product_tag-prix-miel-maroc","19":"product_tag-vente-de-miel","20":"product_tag-45","21":"product_tag-41","22":"product_tag-60","23":"product_tag-34","24":"product_tag-39","25":"product_tag-46","26":"product_tag-36","27":"product_tag-35","28":"product_tag-42","29":"product_tag-43","30":"product_tag-37","31":"product_tag-38","32":"product_tag-40","33":"product_tag-44","34":"desktop-align-left","35":"tablet-align-left","36":"mobile-align-left","38":"first","39":"instock","40":"shipping-taxable","41":"purchasable","42":"product-type-variable"},"yoast_head":"<!-- This site is optimized with the Yoast SEO plugin v27.1.1 - https:\/\/yoast.com\/product\/yoast-seo-wordpress\/ -->\n<title>Miel de thym du sud -<\/title>\n<meta name=\"robots\" content=\"index, follow, max-snippet:-1, max-image-preview:large, max-video-preview:-1\" \/>\n<link rel=\"canonical\" href=\"https:\/\/zizouit.com\/ar\/product\/miel-de-thym-du-sud\/\" \/>\n<meta property=\"og:locale\" content=\"ar_AR\" \/>\n<meta property=\"og:type\" content=\"article\" \/>\n<meta property=\"og:title\" content=\"Miel de thym du sud -\" \/>\n<meta property=\"og:description\" content=\"Miel de Thym du Sud Naturel 100% \u2013 Coop\u00e9rative ZIZOUIT Extrait des p\u00e2turages du sud du Maroc riches en fleurs de thym sauvage. Ce miel se distingue par son go\u00fbt prononc\u00e9 et son ar\u00f4me parfum\u00e9, et constitue un excellent choix pour la sant\u00e9 et l\u2019immunit\u00e9.  \ud83d\udc9a Bienfaits du miel de thym :\u2714 Stimule le syst\u00e8me immunitaire et combat les infections bact\u00e9riennes\u2714 Efficace contre les rhumes, grippes et maux de gorge\u2714 Facilite la digestion et calme les douleurs d\u2019estomac\u2714 Riche en antioxydants pour une meilleure sant\u00e9 globale  \u2705Pourquoi faire confiance au miel ZIZOUIT ?\ud83d\udd38 Produit 100% local et naturel\ud83d\udd38 Certifi\u00e9 ONSSA (s\u00e9curit\u00e9 et qualit\u00e9 alimentaire)\ud83d\udd38 Sans sucre ajout\u00e9, sans colorant, sans conservateur\ud83d\udd38 Conditionn\u00e9 dans une coop\u00e9rative artisanale professionnelle\ud83d\udd38 Ar\u00f4me riche, go\u00fbt puissant et vertus m\u00e9dicinales reconnues  Formats et prix :     1kg : 400 DH   500g : 210 DH   250g : 110 DH  \ud83d\udce6 R\u00e9ductions disponibles pour les commandes en gros \u2013 Contactez-nous d\u00e8s maintenant !\" \/>\n<meta property=\"og:url\" content=\"https:\/\/zizouit.com\/ar\/product\/miel-de-thym-du-sud\/\" \/>\n<meta property=\"article:modified_time\" content=\"2025-06-12T04:06:46+00:00\" \/>\n<meta property=\"og:image\" content=\"https:\/\/zizouit.com\/wp-content\/uploads\/2025\/03\/WhatsApp-Image-2025-06-11-at-10.26.17-PM-1-scaled.jpeg\" \/>\n\t<meta property=\"og:image:width\" content=\"1920\" \/>\n\t<meta property=\"og:image:height\" content=\"2560\" \/>\n\t<meta property=\"og:image:type\" content=\"image\/jpeg\" \/>\n<meta name=\"twitter:card\" content=\"summary_large_image\" \/>\n<meta name=\"twitter:label1\" content=\"Est. reading time\" \/>\n\t<meta name=\"twitter:data1\" content=\"1 minute\" \/>\n<script type=\"application\/ld+json\" class=\"yoast-schema-graph\">{\"@context\":\"https:\/\/schema.org\",\"@graph\":[{\"@type\":\"WebPage\",\"@id\":\"https:\/\/zizouit.com\/product\/miel-de-thym-du-sud\/\",\"url\":\"https:\/\/zizouit.com\/product\/miel-de-thym-du-sud\/\",\"name\":\"Miel de thym du sud -\",\"isPartOf\":{\"@id\":\"https:\/\/zizouit.com\/#website\"},\"primaryImageOfPage\":{\"@id\":\"https:\/\/zizouit.com\/product\/miel-de-thym-du-sud\/#primaryimage\"},\"image\":{\"@id\":\"https:\/\/zizouit.com\/product\/miel-de-thym-du-sud\/#primaryimage\"},\"thumbnailUrl\":\"https:\/\/zizouit.com\/wp-content\/uploads\/2025\/03\/WhatsApp-Image-2025-06-11-at-10.26.17-PM-1-scaled.jpeg\",\"datePublished\":\"2025-03-08T02:24:11+00:00\",\"dateModified\":\"2025-06-12T04:06:46+00:00\",\"breadcrumb\":{\"@id\":\"https:\/\/zizouit.com\/product\/miel-de-thym-du-sud\/#breadcrumb\"},\"inLanguage\":\"ary\",\"potentialAction\":[{\"@type\":\"ReadAction\",\"target\":[\"https:\/\/zizouit.com\/product\/miel-de-thym-du-sud\/\"]}]},{\"@type\":\"ImageObject\",\"inLanguage\":\"ary\",\"@id\":\"https:\/\/zizouit.com\/product\/miel-de-thym-du-sud\/#primaryimage\",\"url\":\"https:\/\/zizouit.com\/wp-content\/uploads\/2025\/03\/WhatsApp-Image-2025-06-11-at-10.26.17-PM-1-scaled.jpeg\",\"contentUrl\":\"https:\/\/zizouit.com\/wp-content\/uploads\/2025\/03\/WhatsApp-Image-2025-06-11-at-10.26.17-PM-1-scaled.jpeg\",\"width\":1920,\"height\":2560},{\"@type\":\"BreadcrumbList\",\"@id\":\"https:\/\/zizouit.com\/product\/miel-de-thym-du-sud\/#breadcrumb\",\"itemListElement\":[{\"@type\":\"ListItem\",\"position\":1,\"name\":\"Accueil\",\"item\":\"https:\/\/zizouit.com\/fr_fr\/\"},{\"@type\":\"ListItem\",\"position\":2,\"name\":\"Shop\",\"item\":\"https:\/\/zizouit.com\/shop\/\"},{\"@type\":\"ListItem\",\"position\":3,\"name\":\"Miel de thym du sud\"}]},{\"@type\":\"WebSite\",\"@id\":\"https:\/\/zizouit.com\/#website\",\"url\":\"https:\/\/zizouit.com\/\",\"name\":\"\",\"description\":\"Zizouit\",\"potentialAction\":[{\"@type\":\"SearchAction\",\"target\":{\"@type\":\"EntryPoint\",\"urlTemplate\":\"https:\/\/zizouit.com\/?s={search_term_string}\"},\"query-input\":{\"@type\":\"PropertyValueSpecification\",\"valueRequired\":true,\"valueName\":\"search_term_string\"}}],\"inLanguage\":\"ary\"}]}<\/script>\n<!-- \/ Yoast SEO plugin. -->","yoast_head_json":{"title":"Miel de thym du sud -","robots":{"index":"index","follow":"follow","max-snippet":"max-snippet:-1","max-image-preview":"max-image-preview:large","max-video-preview":"max-video-preview:-1"},"canonical":"https:\/\/zizouit.com\/ar\/product\/miel-de-thym-du-sud\/","og_locale":"ar_AR","og_type":"article","og_title":"Miel de thym du sud -","og_description":"Miel de Thym du Sud Naturel 100% \u2013 Coop\u00e9rative ZIZOUIT Extrait des p\u00e2turages du sud du Maroc riches en fleurs de thym sauvage. Ce miel se distingue par son go\u00fbt prononc\u00e9 et son ar\u00f4me parfum\u00e9, et constitue un excellent choix pour la sant\u00e9 et l\u2019immunit\u00e9.  \ud83d\udc9a Bienfaits du miel de thym :\u2714 Stimule le syst\u00e8me immunitaire et combat les infections bact\u00e9riennes\u2714 Efficace contre les rhumes, grippes et maux de gorge\u2714 Facilite la digestion et calme les douleurs d\u2019estomac\u2714 Riche en antioxydants pour une meilleure sant\u00e9 globale  \u2705Pourquoi faire confiance au miel ZIZOUIT ?\ud83d\udd38 Produit 100% local et naturel\ud83d\udd38 Certifi\u00e9 ONSSA (s\u00e9curit\u00e9 et qualit\u00e9 alimentaire)\ud83d\udd38 Sans sucre ajout\u00e9, sans colorant, sans conservateur\ud83d\udd38 Conditionn\u00e9 dans une coop\u00e9rative artisanale professionnelle\ud83d\udd38 Ar\u00f4me riche, go\u00fbt puissant et vertus m\u00e9dicinales reconnues  Formats et prix :     1kg : 400 DH   500g : 210 DH   250g : 110 DH  \ud83d\udce6 R\u00e9ductions disponibles pour les commandes en gros \u2013 Contactez-nous d\u00e8s maintenant !","og_url":"https:\/\/zizouit.com\/ar\/product\/miel-de-thym-du-sud\/","article_modified_time":"2025-06-12T04:06:46+00:00","og_image":[{"width":1920,"height":2560,"url":"https:\/\/zizouit.com\/wp-content\/uploads\/2025\/03\/WhatsApp-Image-2025-06-11-at-10.26.17-PM-1-scaled.jpeg","type":"image\/jpeg"}],"twitter_card":"summary_large_image","twitter_misc":{"Est. reading time":"1 minute"},"schema":{"@context":"https:\/\/schema.org","@graph":[{"@type":"WebPage","@id":"https:\/\/zizouit.com\/product\/miel-de-thym-du-sud\/","url":"https:\/\/zizouit.com\/product\/miel-de-thym-du-sud\/","name":"Miel de thym du sud -","isPartOf":{"@id":"https:\/\/zizouit.com\/#website"},"primaryImageOfPage":{"@id":"https:\/\/zizouit.com\/product\/miel-de-thym-du-sud\/#primaryimage"},"image":{"@id":"https:\/\/zizouit.com\/product\/miel-de-thym-du-sud\/#primaryimage"},"thumbnailUrl":"https:\/\/zizouit.com\/wp-content\/uploads\/2025\/03\/WhatsApp-Image-2025-06-11-at-10.26.17-PM-1-scaled.jpeg","datePublished":"2025-03-08T02:24:11+00:00","dateModified":"2025-06-12T04:06:46+00:00","breadcrumb":{"@id":"https:\/\/zizouit.com\/product\/miel-de-thym-du-sud\/#breadcrumb"},"inLanguage":"ary","potentialAction":[{"@type":"ReadAction","target":["https:\/\/zizouit.com\/product\/miel-de-thym-du-sud\/"]}]},{"@type":"ImageObject","inLanguage":"ary","@id":"https:\/\/zizouit.com\/product\/miel-de-thym-du-sud\/#primaryimage","url":"https:\/\/zizouit.com\/wp-content\/uploads\/2025\/03\/WhatsApp-Image-2025-06-11-at-10.26.17-PM-1-scaled.jpeg","contentUrl":"https:\/\/zizouit.com\/wp-content\/uploads\/2025\/03\/WhatsApp-Image-2025-06-11-at-10.26.17-PM-1-scaled.jpeg","width":1920,"height":2560},{"@type":"BreadcrumbList","@id":"https:\/\/zizouit.com\/product\/miel-de-thym-du-sud\/#breadcrumb","itemListElement":[{"@type":"ListItem","position":1,"name":"Accueil","item":"https:\/\/zizouit.com\/fr_fr\/"},{"@type":"ListItem","position":2,"name":"Shop","item":"https:\/\/zizouit.com\/shop\/"},{"@type":"ListItem","position":3,"name":"Miel de thym du sud"}]},{"@type":"WebSite","@id":"https:\/\/zizouit.com\/#website","url":"https:\/\/zizouit.com\/","name":"","description":"\u0632\u064a\u0632\u0648\u064a\u062a","potentialAction":[{"@type":"SearchAction","target":{"@type":"EntryPoint","urlTemplate":"https:\/\/zizouit.com\/?s={search_term_string}"},"query-input":{"@type":"PropertyValueSpecification","valueRequired":true,"valueName":"search_term_string"}}],"inLanguage":"ary"}]}},"_links":{"self":[{"href":"https:\/\/zizouit.com\/ar\/wp-json\/wp\/v2\/product\/1817","targetHints":{"allow":["GET"]}}],"collection":[{"href":"https:\/\/zizouit.com\/ar\/wp-json\/wp\/v2\/product"}],"about":[{"href":"https:\/\/zizouit.com\/ar\/wp-json\/wp\/v2\/types\/product"}],"replies":[{"embeddable":true,"href":"https:\/\/zizouit.com\/ar\/wp-json\/wp\/v2\/comments?post=1817"}],"wp:featuredmedia":[{"embeddable":true,"href":"https:\/\/zizouit.com\/ar\/wp-json\/wp\/v2\/media\/1931"}],"wp:attachment":[{"href":"https:\/\/zizouit.com\/ar\/wp-json\/wp\/v2\/media?parent=1817"}],"wp:term":[{"taxonomy":"product_brand","embeddable":true,"href":"https:\/\/zizouit.com\/ar\/wp-json\/wp\/v2\/product_brand?post=1817"},{"taxonomy":"product_cat","embeddable":true,"href":"https:\/\/zizouit.com\/ar\/wp-json\/wp\/v2\/product_cat?post=1817"},{"taxonomy":"product_tag","embeddable":true,"href":"https:\/\/zizouit.com\/ar\/wp-json\/wp\/v2\/product_tag?post=1817"}],"curies":[{"name":"wp","href":"https:\/\/api.w.org\/{rel}","templated":true}]}}