{"id":1680,"date":"2025-01-27T08:47:52","date_gmt":"2025-01-27T08:47:52","guid":{"rendered":"https:\/\/zizouit.com\/?post_type=product&#038;p=1680"},"modified":"2026-03-02T15:59:11","modified_gmt":"2026-03-02T15:59:11","slug":"miel-doranger","status":"publish","type":"product","link":"https:\/\/zizouit.com\/ar\/product\/miel-doranger\/","title":{"rendered":"\u0639\u0633\u0644 \u0627\u0644\u0628\u0631\u062a\u0642\u0627\u0644"},"content":{"rendered":"<h6>\ud83d\ude9a <strong data-start=\"1590\" data-end=\"1620\">\u0627\u0644\u062a\u0648\u0635\u064a\u0644 \u0645\u062a\u0627\u062d \u0641\u064a \u062c\u0645\u064a\u0639 \u0623\u0646\u062d\u0627\u0621 \u0627\u0644\u0645\u063a\u0631\u0628<\/strong> :<\/h6>\n<p data-start=\"419\" data-end=\"486\">\u2705 \u062a\u0648\u0635\u064a\u0644 \u0633\u0631\u064a\u0639 \u0625\u0644\u0649 \u0628\u0627\u0628 \u0627\u0644\u0645\u0646\u0632\u0644: \u0627\u0644\u062f\u0627\u0631 \u0627\u0644\u0628\u064a\u0636\u0627\u0621\u060c \u0627\u0644\u0631\u0628\u0627\u0637\u060c \u0645\u0631\u0627\u0643\u0634\u060c \u0637\u0646\u062c\u0629\u060c \u0641\u0627\u0633\u060c \u0623\u0643\u0627\u062f\u064a\u0631\u2026<br data-start=\"1707\" data-end=\"1710\" \/>\ud83d\udcb5 \u0627\u0644\u062f\u0641\u0639 \u0639\u0646\u062f \u0627\u0644\u0627\u0633\u062a\u0644\u0627\u0645 \u2013 \u0622\u0645\u0646 \u0648\u0645\u0631\u064a\u062d<br data-start=\"1759\" data-end=\"1762\" \/>\u2b50 \u0645\u0626\u0627\u062a \u0627\u0644\u0632\u0628\u0646\u0627\u0621 \u0627\u0644\u0631\u0627\u0636\u064a\u0646 \u0641\u064a \u062c\u0645\u064a\u0639 \u0623\u0646\u062d\u0627\u0621 \u0627\u0644\u0645\u0645\u0644\u0643\u0629<br data-start=\"1820\" data-end=\"1823\" \/>\u23f3 \u0627\u0644\u0643\u0645\u064a\u0629 \u0645\u062d\u062f\u0648\u062f\u0629 \u2013 \u0633\u0627\u0631\u0639 \u0628\u0627\u0644\u0637\u0644\u0628 \u0642\u0628\u0644 \u0646\u0641\u0627\u062f \u0627\u0644\u0645\u062e\u0632\u0648\u0646 !<\/p>\n<p data-start=\"1895\" data-end=\"2018\">\ud83d\udc49 <strong data-start=\"1898\" data-end=\"2018\">\ud83d\udc49 \u0627\u0636\u063a\u0637 \u0627\u0644\u0622\u0646 \u0648\u0627\u0637\u0644\u0628 \u0639\u0633\u0644 \u0627\u0644\u0633\u062f\u0631 \u0627\u0644\u0623\u0635\u0644\u064a \u0645\u0646 \u0632\u064a\u0632\u0648\u064a\u062a \u0628\u0643\u0644 \u062b\u0642\u0629 !<\/strong><\/p>","protected":false},"excerpt":{"rendered":"<h5>\u0639\u0633\u0644 \u0627\u0644\u0628\u0631\u062a\u0642\u0627\u0644 \u0627\u0644\u0637\u0628\u064a\u0639\u064a 100% \u2013 \u0645\u0646 \u062a\u0639\u0627\u0648\u0646\u064a\u0629 \u0632\u064a\u0632\u0648\u064a\u062a<\/h5>\n<p>\u0639\u0633\u0644 \u0627\u0644\u0628\u0631\u062a\u0642\u0627\u0644 \u064a\u062a\u0645\u064a\u0632 \u0628\u0645\u0630\u0627\u0642\u0647 \u0627\u0644\u062e\u0641\u064a\u0641 \u0648\u0627\u0644\u0639\u0637\u0631\u064a \u0648\u064a\u064f\u0633\u062a\u062e\u0644\u0635 \u0645\u0646 \u0623\u0632\u0647\u0627\u0631 \u0634\u062c\u0631 \u0627\u0644\u0628\u0631\u062a\u0642\u0627\u0644. \u0645\u062b\u0627\u0644\u064a \u0644\u0644\u0628\u0627\u062d\u062b\u064a\u0646 \u0639\u0646 \u0627\u0644\u0637\u0639\u0645 \u0627\u0644\u0644\u0637\u064a\u0641 \u0648\u0627\u0644\u0641\u0648\u0627\u0626\u062f \u0627\u0644\u0635\u062d\u064a\u0629 \u0641\u064a \u0622\u0646\u064d \u0648\u0627\u062d\u062f.<\/p>\n<p>\ud83d\udc9a <strong data-start=\"665\" data-end=\"705\">\u0641\u0648\u0627\u0626\u062f \u0645\u0630\u0647\u0644\u0629 \u0644\u0635\u062d\u062a\u0643:<\/strong><br data-start=\"705\" data-end=\"708\" \/>\u2714 \u064a\u0633\u0627\u0639\u062f \u0639\u0644\u0649 \u0627\u0644\u0627\u0633\u062a\u0631\u062e\u0627\u0621 \u0648\u062a\u062d\u0633\u064a\u0646 \u062c\u0648\u062f\u0629 \u0627\u0644\u0646\u0648\u0645<br data-start=\"763\" data-end=\"766\" \/>\u2714 \u064a\u0647\u062f\u0626 \u0627\u0644\u0623\u0639\u0635\u0627\u0628 \u0648\u064a\u0642\u0644\u0644 \u0627\u0644\u062a\u0648\u062a\u0631 \u0648\u0627\u0644\u0642\u0644\u0642<br data-start=\"824\" data-end=\"827\" \/>\u2714 \u0645\u0641\u064a\u062f \u0644\u0644\u062c\u0647\u0627\u0632 \u0627\u0644\u0647\u0636\u0645\u064a \u0648\u0645\u0646\u0627\u0633\u0628 \u0644\u0644\u0623\u0637\u0641\u0627\u0644<br data-start=\"877\" data-end=\"880\" \/>\u2714 \u064a\u062d\u062a\u0648\u064a \u0639\u0644\u0649 \u0645\u0636\u0627\u062f\u0627\u062a \u0623\u0643\u0633\u062f\u0629 \u062a\u0639\u0632\u0632 \u0627\u0644\u0645\u0646\u0627\u0639\u0629<\/p>\n<p><strong>\u2705 \u0644\u0645\u0627\u0630\u0627 \u062a\u062b\u0642 \u0641\u064a \u0639\u0633\u0644 \u0632\u064a\u0632\u0648\u064a\u062a\u061f<\/strong><br data-start=\"1163\" data-end=\"1166\" \/>\ud83d\udd38 \u0645\u0646\u062a\u062c \u0645\u062d\u0644\u064a \u0637\u0628\u064a\u0639\u064a 100%<br data-start=\"1236\" data-end=\"1239\" \/>\ud83d\udd38 \u0645\u0631\u062e\u0635 \u0645\u0646 ONSSA<br data-start=\"1291\" data-end=\"1294\" \/>\ud83d\udd38 \u062e\u0627\u0644\u064d \u062a\u0645\u0627\u0645\u064b\u0627 \u0645\u0646 \u0627\u0644\u0625\u0636\u0627\u0641\u0627\u062a \u0648\u0627\u0644\u0633\u0643\u0631 \u0627\u0644\u0635\u0646\u0627\u0639\u064a<br data-start=\"1332\" data-end=\"1335\" \/>\ud83d\udd38 \u0645\u062e\u062a\u0628\u0631 \u0648\u0645\u0639\u0628\u0623 \u0628\u0627\u062d\u062a\u0631\u0627\u0641 \u0641\u064a \u062a\u0639\u0627\u0648\u0646\u064a\u0629 \u0645\u0639\u062a\u0645\u062f\u0629<br data-start=\"1383\" data-end=\"1386\" \/>\ud83d\udd38 \u0646\u0643\u0647\u0629 \u0642\u0648\u064a\u0629 \u0648\u062e\u0635\u0627\u0626\u0635 \u0639\u0644\u0627\u062c\u064a\u0629 \u0623\u0635\u064a\u0644\u0629<strong><br \/>\n<\/strong><\/p>\n<p data-start=\"658\" data-end=\"685\"><strong data-start=\"662\" data-end=\"683\">\u0627\u0644\u0623\u062d\u062c\u0627\u0645 \u0648\u0627\u0644\u0623\u0633\u0639\u0627\u0631 :<\/strong><\/p>\n<ul>\n<li data-start=\"658\" data-end=\"685\"><img decoding=\"async\" class=\"emoji\" role=\"img\" draggable=\"false\" src=\"https:\/\/s.w.org\/images\/core\/emoji\/15.1.0\/svg\/1f7e4.svg\" alt=\"\ud83d\udfe4\" \/> 1kg : 130 DH<\/li>\n<li data-start=\"658\" data-end=\"685\"><img decoding=\"async\" class=\"emoji\" role=\"img\" draggable=\"false\" src=\"https:\/\/s.w.org\/images\/core\/emoji\/15.1.0\/svg\/1f7e0.svg\" alt=\"\ud83d\udfe0\" \/> 500g : 75 DH<\/li>\n<li data-start=\"658\" data-end=\"685\"><img decoding=\"async\" class=\"emoji\" role=\"img\" draggable=\"false\" src=\"https:\/\/s.w.org\/images\/core\/emoji\/15.1.0\/svg\/1f7e1.svg\" alt=\"\ud83d\udfe1\" \/> 250g : 40 DH<\/li>\n<\/ul>\n<p>\ud83d\udce6 \u062a\u062e\u0641\u064a\u0636\u0627\u062a \u0644\u0644\u0637\u0644\u0628\u0627\u062a \u0628\u0627\u0644\u062c\u0645\u0644\u0629 \u2013 \u0631\u0627\u0633\u0644\u0646\u0627 \u0627\u0644\u0622\u0646!<\/p>","protected":false},"featured_media":2266,"comment_status":"open","ping_status":"closed","template":"","meta":{"site-sidebar-layout":"default","site-content-layout":"","ast-site-content-layout":"default","site-content-style":"default","site-sidebar-style":"default","ast-global-header-display":"","ast-banner-title-visibility":"","ast-main-header-display":"","ast-hfb-above-header-display":"","ast-hfb-below-header-display":"","ast-hfb-mobile-header-display":"","site-post-title":"","ast-breadcrumbs-content":"","ast-featured-img":"","footer-sml-layout":"","ast-disable-related-posts":"","theme-transparent-header-meta":"default","adv-header-id-meta":"","stick-header-meta":"","header-above-stick-meta":"","header-main-stick-meta":"","header-below-stick-meta":"","astra-migrate-meta-layouts":"set","ast-page-background-enabled":"default","ast-page-background-meta":{"desktop":{"background-color":"","background-image":"","background-repeat":"repeat","background-position":"center center","background-size":"auto","background-attachment":"scroll","background-type":"","background-media":"","overlay-type":"","overlay-color":"","overlay-opacity":"","overlay-gradient":""},"tablet":{"background-color":"","background-image":"","background-repeat":"repeat","background-position":"center center","background-size":"auto","background-attachment":"scroll","background-type":"","background-media":"","overlay-type":"","overlay-color":"","overlay-opacity":"","overlay-gradient":""},"mobile":{"background-color":"","background-image":"","background-repeat":"repeat","background-position":"center center","background-size":"auto","background-attachment":"scroll","background-type":"","background-media":"","overlay-type":"","overlay-color":"","overlay-opacity":"","overlay-gradient":""}},"ast-content-background-meta":{"desktop":{"background-color":"var(--ast-global-color-5)","background-image":"","background-repeat":"repeat","background-position":"center center","background-size":"auto","background-attachment":"scroll","background-type":"","background-media":"","overlay-type":"","overlay-color":"","overlay-opacity":"","overlay-gradient":""},"tablet":{"background-color":"var(--ast-global-color-5)","background-image":"","background-repeat":"repeat","background-position":"center center","background-size":"auto","background-attachment":"scroll","background-type":"","background-media":"","overlay-type":"","overlay-color":"","overlay-opacity":"","overlay-gradient":""},"mobile":{"background-color":"var(--ast-global-color-5)","background-image":"","background-repeat":"repeat","background-position":"center center","background-size":"auto","background-attachment":"scroll","background-type":"","background-media":"","overlay-type":"","overlay-color":"","overlay-opacity":"","overlay-gradient":""}}},"product_brand":[],"product_cat":[30],"product_tag":[],"class_list":{"0":"post-1680","1":"product","2":"type-product","3":"status-publish","4":"has-post-thumbnail","6":"product_cat-miel","7":"desktop-align-left","8":"tablet-align-left","9":"mobile-align-left","11":"first","12":"instock","13":"shipping-taxable","14":"purchasable","15":"product-type-variable"},"yoast_head":"<!-- This site is optimized with the Yoast SEO plugin v27.1.1 - https:\/\/yoast.com\/product\/yoast-seo-wordpress\/ -->\n<title>Miel d&#039;Oranger -<\/title>\n<meta name=\"robots\" content=\"index, follow, max-snippet:-1, max-image-preview:large, max-video-preview:-1\" \/>\n<link rel=\"canonical\" href=\"https:\/\/zizouit.com\/ar\/product\/miel-doranger\/\" \/>\n<meta property=\"og:locale\" content=\"ar_AR\" \/>\n<meta property=\"og:type\" content=\"article\" \/>\n<meta property=\"og:title\" content=\"Miel d&#039;Oranger -\" \/>\n<meta property=\"og:description\" content=\"Miel de Fleur d\u2019Oranger 100% Naturel \u2013 Coop\u00e9rative ZIZOUIT Miel de fleur d\u2019oranger pur du Maroc, extrait des fleurs fra\u00eeches d\u2019oranger \u2013 go\u00fbt doux, floral et naturellement apaisant.  \ud83d\udc9a Ses bienfaits pour votre bien-\u00eatre :\u2714 Favorise la d\u00e9tente et am\u00e9liore la qualit\u00e9 du sommeil\u2714 Apaise le syst\u00e8me nerveux, r\u00e9duit le stress et l\u2019anxi\u00e9t\u00e9\u2714 Doux pour l\u2019estomac \u2013 excellent pour les enfants\u2714 Riche en antioxydants \u2013 booste les d\u00e9fenses immunitaires  \u2705Pourquoi choisir le miel ZIZOUIT ?\ud83d\udd38 100% pur et local \u2013 Produit au Maroc par une coop\u00e9rative artisanale\ud83d\udd38 Certifi\u00e9 ONSSA \u2013 Qualit\u00e9 et tra\u00e7abilit\u00e9 garanties\ud83d\udd38 Sans sucre ajout\u00e9, ni conservateurs\ud83d\udd38 Conditionn\u00e9 avec soin et test\u00e9 en laboratoire\ud83d\udd38 Go\u00fbt naturel et bienfaits th\u00e9rapeutiques r\u00e9els  Formats et prix :     1kg : 130 DH   500g : 75 DH   250g : 40 DH  \ud83d\udce6 R\u00e9ductions disponibles pour les commandes en gros \u2013 Contactez-nous d\u00e8s maintenant !\" \/>\n<meta property=\"og:url\" content=\"https:\/\/zizouit.com\/ar\/product\/miel-doranger\/\" \/>\n<meta property=\"article:modified_time\" content=\"2026-03-02T15:59:11+00:00\" \/>\n<meta property=\"og:image\" content=\"https:\/\/zizouit.com\/wp-content\/uploads\/2025\/01\/WhatsApp-Image-2025-06-25-at-1.52.46-PM-scaled.jpeg\" \/>\n\t<meta property=\"og:image:width\" content=\"2168\" \/>\n\t<meta property=\"og:image:height\" content=\"2560\" \/>\n\t<meta property=\"og:image:type\" content=\"image\/jpeg\" \/>\n<meta name=\"twitter:card\" content=\"summary_large_image\" \/>\n<meta name=\"twitter:label1\" content=\"Est. reading time\" \/>\n\t<meta name=\"twitter:data1\" content=\"1 minute\" \/>\n<script type=\"application\/ld+json\" class=\"yoast-schema-graph\">{\"@context\":\"https:\/\/schema.org\",\"@graph\":[{\"@type\":\"WebPage\",\"@id\":\"https:\/\/zizouit.com\/product\/miel-doranger\/\",\"url\":\"https:\/\/zizouit.com\/product\/miel-doranger\/\",\"name\":\"Miel d'Oranger -\",\"isPartOf\":{\"@id\":\"https:\/\/zizouit.com\/#website\"},\"primaryImageOfPage\":{\"@id\":\"https:\/\/zizouit.com\/product\/miel-doranger\/#primaryimage\"},\"image\":{\"@id\":\"https:\/\/zizouit.com\/product\/miel-doranger\/#primaryimage\"},\"thumbnailUrl\":\"https:\/\/zizouit.com\/wp-content\/uploads\/2025\/01\/WhatsApp-Image-2025-06-25-at-1.52.46-PM-scaled.jpeg\",\"datePublished\":\"2025-01-27T08:47:52+00:00\",\"dateModified\":\"2026-03-02T15:59:11+00:00\",\"breadcrumb\":{\"@id\":\"https:\/\/zizouit.com\/product\/miel-doranger\/#breadcrumb\"},\"inLanguage\":\"ary\",\"potentialAction\":[{\"@type\":\"ReadAction\",\"target\":[\"https:\/\/zizouit.com\/product\/miel-doranger\/\"]}]},{\"@type\":\"ImageObject\",\"inLanguage\":\"ary\",\"@id\":\"https:\/\/zizouit.com\/product\/miel-doranger\/#primaryimage\",\"url\":\"https:\/\/zizouit.com\/wp-content\/uploads\/2025\/01\/WhatsApp-Image-2025-06-25-at-1.52.46-PM-scaled.jpeg\",\"contentUrl\":\"https:\/\/zizouit.com\/wp-content\/uploads\/2025\/01\/WhatsApp-Image-2025-06-25-at-1.52.46-PM-scaled.jpeg\",\"width\":2168,\"height\":2560},{\"@type\":\"BreadcrumbList\",\"@id\":\"https:\/\/zizouit.com\/product\/miel-doranger\/#breadcrumb\",\"itemListElement\":[{\"@type\":\"ListItem\",\"position\":1,\"name\":\"Accueil\",\"item\":\"https:\/\/zizouit.com\/fr_fr\/\"},{\"@type\":\"ListItem\",\"position\":2,\"name\":\"Shop\",\"item\":\"https:\/\/zizouit.com\/shop\/\"},{\"@type\":\"ListItem\",\"position\":3,\"name\":\"Miel d&rsquo;Oranger\"}]},{\"@type\":\"WebSite\",\"@id\":\"https:\/\/zizouit.com\/#website\",\"url\":\"https:\/\/zizouit.com\/\",\"name\":\"\",\"description\":\"Zizouit\",\"potentialAction\":[{\"@type\":\"SearchAction\",\"target\":{\"@type\":\"EntryPoint\",\"urlTemplate\":\"https:\/\/zizouit.com\/?s={search_term_string}\"},\"query-input\":{\"@type\":\"PropertyValueSpecification\",\"valueRequired\":true,\"valueName\":\"search_term_string\"}}],\"inLanguage\":\"ary\"}]}<\/script>\n<!-- \/ Yoast SEO plugin. -->","yoast_head_json":{"title":"Miel d'Oranger -","robots":{"index":"index","follow":"follow","max-snippet":"max-snippet:-1","max-image-preview":"max-image-preview:large","max-video-preview":"max-video-preview:-1"},"canonical":"https:\/\/zizouit.com\/ar\/product\/miel-doranger\/","og_locale":"ar_AR","og_type":"article","og_title":"Miel d'Oranger -","og_description":"Miel de Fleur d\u2019Oranger 100% Naturel \u2013 Coop\u00e9rative ZIZOUIT Miel de fleur d\u2019oranger pur du Maroc, extrait des fleurs fra\u00eeches d\u2019oranger \u2013 go\u00fbt doux, floral et naturellement apaisant.  \ud83d\udc9a Ses bienfaits pour votre bien-\u00eatre :\u2714 Favorise la d\u00e9tente et am\u00e9liore la qualit\u00e9 du sommeil\u2714 Apaise le syst\u00e8me nerveux, r\u00e9duit le stress et l\u2019anxi\u00e9t\u00e9\u2714 Doux pour l\u2019estomac \u2013 excellent pour les enfants\u2714 Riche en antioxydants \u2013 booste les d\u00e9fenses immunitaires  \u2705Pourquoi choisir le miel ZIZOUIT ?\ud83d\udd38 100% pur et local \u2013 Produit au Maroc par une coop\u00e9rative artisanale\ud83d\udd38 Certifi\u00e9 ONSSA \u2013 Qualit\u00e9 et tra\u00e7abilit\u00e9 garanties\ud83d\udd38 Sans sucre ajout\u00e9, ni conservateurs\ud83d\udd38 Conditionn\u00e9 avec soin et test\u00e9 en laboratoire\ud83d\udd38 Go\u00fbt naturel et bienfaits th\u00e9rapeutiques r\u00e9els  Formats et prix :     1kg : 130 DH   500g : 75 DH   250g : 40 DH  \ud83d\udce6 R\u00e9ductions disponibles pour les commandes en gros \u2013 Contactez-nous d\u00e8s maintenant !","og_url":"https:\/\/zizouit.com\/ar\/product\/miel-doranger\/","article_modified_time":"2026-03-02T15:59:11+00:00","og_image":[{"width":2168,"height":2560,"url":"https:\/\/zizouit.com\/wp-content\/uploads\/2025\/01\/WhatsApp-Image-2025-06-25-at-1.52.46-PM-scaled.jpeg","type":"image\/jpeg"}],"twitter_card":"summary_large_image","twitter_misc":{"Est. reading time":"1 minute"},"schema":{"@context":"https:\/\/schema.org","@graph":[{"@type":"WebPage","@id":"https:\/\/zizouit.com\/product\/miel-doranger\/","url":"https:\/\/zizouit.com\/product\/miel-doranger\/","name":"Miel d'Oranger -","isPartOf":{"@id":"https:\/\/zizouit.com\/#website"},"primaryImageOfPage":{"@id":"https:\/\/zizouit.com\/product\/miel-doranger\/#primaryimage"},"image":{"@id":"https:\/\/zizouit.com\/product\/miel-doranger\/#primaryimage"},"thumbnailUrl":"https:\/\/zizouit.com\/wp-content\/uploads\/2025\/01\/WhatsApp-Image-2025-06-25-at-1.52.46-PM-scaled.jpeg","datePublished":"2025-01-27T08:47:52+00:00","dateModified":"2026-03-02T15:59:11+00:00","breadcrumb":{"@id":"https:\/\/zizouit.com\/product\/miel-doranger\/#breadcrumb"},"inLanguage":"ary","potentialAction":[{"@type":"ReadAction","target":["https:\/\/zizouit.com\/product\/miel-doranger\/"]}]},{"@type":"ImageObject","inLanguage":"ary","@id":"https:\/\/zizouit.com\/product\/miel-doranger\/#primaryimage","url":"https:\/\/zizouit.com\/wp-content\/uploads\/2025\/01\/WhatsApp-Image-2025-06-25-at-1.52.46-PM-scaled.jpeg","contentUrl":"https:\/\/zizouit.com\/wp-content\/uploads\/2025\/01\/WhatsApp-Image-2025-06-25-at-1.52.46-PM-scaled.jpeg","width":2168,"height":2560},{"@type":"BreadcrumbList","@id":"https:\/\/zizouit.com\/product\/miel-doranger\/#breadcrumb","itemListElement":[{"@type":"ListItem","position":1,"name":"Accueil","item":"https:\/\/zizouit.com\/fr_fr\/"},{"@type":"ListItem","position":2,"name":"Shop","item":"https:\/\/zizouit.com\/shop\/"},{"@type":"ListItem","position":3,"name":"Miel d&rsquo;Oranger"}]},{"@type":"WebSite","@id":"https:\/\/zizouit.com\/#website","url":"https:\/\/zizouit.com\/","name":"","description":"\u0632\u064a\u0632\u0648\u064a\u062a","potentialAction":[{"@type":"SearchAction","target":{"@type":"EntryPoint","urlTemplate":"https:\/\/zizouit.com\/?s={search_term_string}"},"query-input":{"@type":"PropertyValueSpecification","valueRequired":true,"valueName":"search_term_string"}}],"inLanguage":"ary"}]}},"_links":{"self":[{"href":"https:\/\/zizouit.com\/ar\/wp-json\/wp\/v2\/product\/1680","targetHints":{"allow":["GET"]}}],"collection":[{"href":"https:\/\/zizouit.com\/ar\/wp-json\/wp\/v2\/product"}],"about":[{"href":"https:\/\/zizouit.com\/ar\/wp-json\/wp\/v2\/types\/product"}],"replies":[{"embeddable":true,"href":"https:\/\/zizouit.com\/ar\/wp-json\/wp\/v2\/comments?post=1680"}],"wp:featuredmedia":[{"embeddable":true,"href":"https:\/\/zizouit.com\/ar\/wp-json\/wp\/v2\/media\/2266"}],"wp:attachment":[{"href":"https:\/\/zizouit.com\/ar\/wp-json\/wp\/v2\/media?parent=1680"}],"wp:term":[{"taxonomy":"product_brand","embeddable":true,"href":"https:\/\/zizouit.com\/ar\/wp-json\/wp\/v2\/product_brand?post=1680"},{"taxonomy":"product_cat","embeddable":true,"href":"https:\/\/zizouit.com\/ar\/wp-json\/wp\/v2\/product_cat?post=1680"},{"taxonomy":"product_tag","embeddable":true,"href":"https:\/\/zizouit.com\/ar\/wp-json\/wp\/v2\/product_tag?post=1680"}],"curies":[{"name":"wp","href":"https:\/\/api.w.org\/{rel}","templated":true}]}}